{"id":232,"date":"2024-03-25T12:57:54","date_gmt":"2024-03-25T11:57:54","guid":{"rendered":"https:\/\/smile-relax-heal.com\/?page_id=232"},"modified":"2025-08-31T11:00:23","modified_gmt":"2025-08-31T09:00:23","slug":"mein-angebot","status":"publish","type":"page","link":"https:\/\/smile-relax-heal.com\/?page_id=232","title":{"rendered":"Mein Angebot"},"content":{"rendered":"<p>[et_pb_section fb_built=&#8220;1&#8243; custom_padding_last_edited=&#8220;on|tablet&#8220; admin_label=&#8220;Header&#8220; _builder_version=&#8220;4.27.0&#8243; background_enable_color=&#8220;off&#8220; background_image=&#8220;https:\/\/smile-relax-heal.com\/wp-content\/uploads\/2024\/03\/DSC07067.jpeg&#8220; background_position=&#8220;top_left&#8220; min_height=&#8220;500px&#8220; min_height_tablet=&#8220;300px&#8220; min_height_phone=&#8220;200px&#8220; min_height_last_edited=&#8220;on|phone&#8220; height=&#8220;500px&#8220; height_tablet=&#8220;300px&#8220; height_phone=&#8220;200px&#8220; height_last_edited=&#8220;on|desktop&#8220; max_height=&#8220;500px&#8220; max_height_tablet=&#8220;300px&#8220; max_height_phone=&#8220;200px&#8220; max_height_last_edited=&#8220;on|desktop&#8220; custom_margin=&#8220;0px||||false|false&#8220; custom_margin_tablet=&#8220;-7px||||false|false&#8220; custom_margin_phone=&#8220;0px||||false|false&#8220; custom_margin_last_edited=&#8220;on|phone&#8220; custom_padding=&#8220;0px||180px||false|false&#8220; custom_padding_tablet=&#8220;0px||0px||false|false&#8220; custom_padding_phone=&#8220;||0px||false|false&#8220; locked=&#8220;off&#8220; global_colors_info=&#8220;{}&#8220;][et_pb_row custom_padding_last_edited=&#8220;on|desktop&#8220; _builder_version=&#8220;4.27.0&#8243; min_height=&#8220;231.7px&#8220; custom_margin=&#8220;0px|auto|1px|auto|false|false&#8220; custom_margin_tablet=&#8220;0px||||false|false&#8220; custom_margin_phone=&#8220;0px||||false|false&#8220; custom_margin_last_edited=&#8220;on|phone&#8220; custom_padding=&#8220;221px||0px||false|false&#8220; custom_padding_tablet=&#8220;80px||0px||false|false&#8220; custom_padding_phone=&#8220;25px||||false|false&#8220; global_colors_info=&#8220;{}&#8220;][et_pb_column type=&#8220;4_4&#8243; _builder_version=&#8220;4.16&#8243; global_colors_info=&#8220;{}&#8220;][et_pb_text _builder_version=&#8220;4.27.4&#8243; _module_preset=&#8220;786be028-8a97-4ca4-b758-fa0143ced89f&#8220; background_color=&#8220;rgba(228,202,144,0.4)&#8220; width=&#8220;50%&#8220; width_tablet=&#8220;60%&#8220; width_phone=&#8220;80%&#8220; max_width=&#8220;50%&#8220; max_width_tablet=&#8220;60%&#8220; max_width_phone=&#8220;80%&#8220; min_height=&#8220;65px&#8220; min_height_tablet=&#8220;50px&#8220; min_height_phone=&#8220;30px&#8220; min_height_last_edited=&#8220;on|phone&#8220; height=&#8220;65px&#8220; height_tablet=&#8220;50px&#8220; height_phone=&#8220;30px&#8220; height_last_edited=&#8220;on|phone&#8220; max_height=&#8220;65px&#8220; max_height_tablet=&#8220;50px&#8220; max_height_phone=&#8220;30px&#8220; max_height_last_edited=&#8220;on|tablet&#8220; custom_margin=&#8220;111px|||0px|false|false&#8220; border_radii=&#8220;on|28px|28px|28px|28px&#8220; box_shadow_style=&#8220;preset1&#8243; box_shadow_spread=&#8220;15px&#8220; box_shadow_color=&#8220;rgba(228,202,144,0.4)&#8220; global_colors_info=&#8220;{}&#8220;]<\/p>\n<h1>MEIN ANGEBOT<\/h1>\n<p>[\/et_pb_text][\/et_pb_column][\/et_pb_row][\/et_pb_section][et_pb_section fb_built=&#8220;1&#8243; custom_padding_last_edited=&#8220;on|phone&#8220; admin_label=&#8220;Feature&#8220; _builder_version=&#8220;4.27.0&#8243; background_enable_image=&#8220;off&#8220; background_size=&#8220;initial&#8220; custom_margin_tablet=&#8220;&#8220; custom_margin_phone=&#8220;0px||||false|false&#8220; custom_margin_last_edited=&#8220;on|phone&#8220; custom_padding=&#8220;29px||133px||false|false&#8220; custom_padding_tablet=&#8220;20px||||false|false&#8220; custom_padding_phone=&#8220;0px||||false|false&#8220; global_colors_info=&#8220;{}&#8220;][et_pb_row column_structure=&#8220;1_2,1_2&#8243; make_equal=&#8220;on&#8220; _builder_version=&#8220;4.27.4&#8243; custom_padding=&#8220;70px|||||&#8220; global_colors_info=&#8220;{}&#8220;][et_pb_column type=&#8220;1_2&#8243; admin_label=&#8220;Column&#8220; _builder_version=&#8220;4.16&#8243; global_colors_info=&#8220;{}&#8220;][et_pb_text _builder_version=&#8220;4.27.4&#8243; _module_preset=&#8220;786be028-8a97-4ca4-b758-fa0143ced89f&#8220; global_colors_info=&#8220;{}&#8220;]<\/p>\n<p>In einem kostenlosen Erstgespr\u00e4ch lernen wir uns kennen. Per Telefon, Video-Chat oder wenn m\u00f6glich auch pers\u00f6nlich darfst du mir ein bisschen von dir erz\u00e4hlen, alle deine Fragen stellen, oder mir deine W\u00fcnsche und Erwartungen mitteilen.<\/p>\n<p>Du entscheidest, ob dir ein Folgetermin mit mir zusagt. Es geht nur um dich, du sollst dich rundum wohl f\u00fchlen, denn Vertrauen ist die Basis meiner Arbeit.<\/p>\n<p>Viele Anwendungen und meine 1:1 Begleitungen finden ortsunabh\u00e4ngig statt &#8211; online oder \u00fcber Fern-Reiki &#8211; dazu vereinbaren wir einen Termin, du machst es dir gem\u00fctlich, da wo du gerade bist und ich sende dir eine Behandlung von dort, wo ich gerade bin. H\u00f6rt sich ein bisschen verr\u00fcckt an? Stimmt, aber es funktioniert ganz wunderbar. Gerne erz\u00e4hle ich dir mehr dar\u00fcber.<\/p>\n<p>Mir ist es wichtig, dich auf deinem Weg ganz individuell zu begleiten, an deiner Seite zu sein und dir alles an die Hand zu geben, was du ben\u00f6tigst um deine Ziele zu erreichen.\u00a0<\/p>\n<p>Auch nach der Behandlung stehe ich dir f\u00fcr aufkommende Fragen und Erfahrungen zur Seite.<\/p>\n<p>[\/et_pb_text][\/et_pb_column][et_pb_column type=&#8220;1_2&#8243; admin_label=&#8220;Column&#8220; _builder_version=&#8220;4.26.0&#8243; background_color=&#8220;rgba(228,202,144,0.82)&#8220; background_enable_image=&#8220;off&#8220; background_size=&#8220;initial&#8220; background_position=&#8220;bottom_right&#8220; custom_padding=&#8220;20px|20px|20px|20px|true|true&#8220; global_colors_info=&#8220;{}&#8220;][et_pb_accordion _builder_version=&#8220;4.27.4&#8243; _module_preset=&#8220;e5443d24-0143-4ed9-af06-b6df12a260b6&#8243; toggle_level=&#8220;h6&#8243; toggle_font_size=&#8220;18px&#8220; toggle_letter_spacing=&#8220;3px&#8220; toggle_line_height=&#8220;1.2em&#8220; closed_toggle_font_size=&#8220;18px&#8220; closed_toggle_letter_spacing=&#8220;3px&#8220; closed_toggle_line_height=&#8220;1.2em&#8220; body_letter_spacing=&#8220;2px&#8220; border_width_all=&#8220;0px&#8220; global_colors_info=&#8220;{}&#8220;][et_pb_accordion_item title=&#8220;REIKI ANWENDUNGEN&#8220; open=&#8220;on&#8220; open_toggle_text_color=&#8220;#000000&#8243; _builder_version=&#8220;4.27.4&#8243; _dynamic_attributes=&#8220;link_option_url&#8220; _module_preset=&#8220;e43a9561-bb9a-490a-b4e0-9d3b67f14291&#8243; body_text_color=&#8220;#000000&#8243; link_option_url=&#8220;@ET-DC@eyJkeW5hbWljIjp0cnVlLCJjb250ZW50IjoicG9zdF9saW5rX3VybF9wYWdlIiwic2V0dGluZ3MiOnsicG9zdF9pZCI6IjI2MyJ9fQ==@&#8220; global_colors_info=&#8220;{}&#8220; toggle_text_color=&#8220;#000000&#8243;]<\/p>\n<p>Du darfst es dir einfach nur bequem machen &#8211; so wie du bist, denn Reiki-Energie flie\u00dft durch alles hindurch. Hier erf\u00e4hrst du mehr.<\/p>\n<p>[\/et_pb_accordion_item][et_pb_accordion_item title=&#8220;REIKI AUSBILDUNG&#8220; _builder_version=&#8220;4.27.4&#8243; _dynamic_attributes=&#8220;link_option_url&#8220; _module_preset=&#8220;e43a9561-bb9a-490a-b4e0-9d3b67f14291&#8243; link_option_url=&#8220;@ET-DC@eyJkeW5hbWljIjp0cnVlLCJjb250ZW50IjoicG9zdF9saW5rX3VybF9wYWdlIiwic2V0dGluZ3MiOnsicG9zdF9pZCI6IjMyMCJ9fQ==@&#8220; global_colors_info=&#8220;{}&#8220; toggle_level=&#8220;h3&#8243;]<\/p>\n<p>Du willst selbst Reiki erlernen? Hier erf\u00e4hrst du mehr.<\/p>\n<p>[\/et_pb_accordion_item][et_pb_accordion_item title=&#8220;GEISTIGE BEGRADIGUNG&#8220; _builder_version=&#8220;4.27.4&#8243; _dynamic_attributes=&#8220;link_option_url&#8220; _module_preset=&#8220;e43a9561-bb9a-490a-b4e0-9d3b67f14291&#8243; link_option_url=&#8220;@ET-DC@eyJkeW5hbWljIjp0cnVlLCJjb250ZW50IjoicG9zdF9saW5rX3VybF9wYWdlIiwic2V0dGluZ3MiOnsicG9zdF9pZCI6IjM4MCJ9fQ==@&#8220; global_colors_info=&#8220;{}&#8220; toggle_level=&#8220;h3&#8243;]<\/p>\n<p><span style=\"color: #000000;\">Die energetische Wirbels\u00e4ulenaufrichtung <span>kann die Beinl\u00e4ngen ausgleichen, Becken- und Schulterschiefstand beseitigen und <\/span>wird begleitet<span class=\"Apple-converted-space\">\u00a0 <\/span>von einer Reiki-Behandlung. Hier erf\u00e4hrst du mehr.<\/span><\/p>\n<p>[\/et_pb_accordion_item][et_pb_accordion_item title=&#8220;R.E.S.E.T. KIEFERBALANCE&#8220; _builder_version=&#8220;4.27.4&#8243; _dynamic_attributes=&#8220;link_option_url&#8220; _module_preset=&#8220;e43a9561-bb9a-490a-b4e0-9d3b67f14291&#8243; link_option_url=&#8220;@ET-DC@eyJkeW5hbWljIjp0cnVlLCJjb250ZW50IjoicG9zdF9saW5rX3VybF9wYWdlIiwic2V0dGluZ3MiOnsicG9zdF9pZCI6IjQxMSJ9fQ==@&#8220; global_colors_info=&#8220;{}&#8220; toggle_level=&#8220;h3&#8243;]<\/p>\n<p>Bei der R.E.S.E.T.\u00ae-Behandlung entspannen sich die Muskeln durch den Energiefluss sanfter Ber\u00fchrungen im Kopf- und Nackenbereich. Hier erf\u00e4hrst du mehr.<\/p>\n<p>[\/et_pb_accordion_item][et_pb_accordion_item title=&#8220;CHAKRA BALANCE&#8220; _builder_version=&#8220;4.27.4&#8243; _dynamic_attributes=&#8220;link_option_url&#8220; _module_preset=&#8220;e43a9561-bb9a-490a-b4e0-9d3b67f14291&#8243; link_option_url=&#8220;@ET-DC@eyJkeW5hbWljIjp0cnVlLCJjb250ZW50IjoicG9zdF9saW5rX3VybF9wYWdlIiwic2V0dGluZ3MiOnsicG9zdF9pZCI6IjQ3NSJ9fQ==@&#8220; global_colors_info=&#8220;{}&#8220; toggle_level=&#8220;h3&#8243;]<\/p>\n<p>Wir besch\u00e4ftigen uns mit jedem einzelnen Chakra, schauen uns deine dazugeh\u00f6rigen Themen an, harmonisieren Blockaden und bringen so alle Chakren in Balance. Hier erf\u00e4hrst du mehr.<\/p>\n<p>[\/et_pb_accordion_item][et_pb_accordion_item title=&#8220;ENTSPANNUNGSTRAINING&#8220; closed_toggle_background_color=&#8220;#FFFFFF&#8220; toggle_icon=&#8220;&#x50;||divi||400&#8243; _builder_version=&#8220;4.27.4&#8243; _dynamic_attributes=&#8220;link_option_url&#8220; _module_preset=&#8220;default&#8220; link_option_url=&#8220;@ET-DC@eyJkeW5hbWljIjp0cnVlLCJjb250ZW50IjoicG9zdF9saW5rX3VybF9wYWdlIiwic2V0dGluZ3MiOnsicG9zdF9pZCI6IjE4MjIifX0=@&#8220; global_colors_info=&#8220;{}&#8220;]<\/p>\n<p>Du m\u00f6chtest deine Selbstf\u00fcrsorge f\u00f6rdern und dabei Entspannungstechniken f\u00fcr den Alltag lernen. Hier erf\u00e4hrst du mehr.<\/p>\n<p>[\/et_pb_accordion_item][\/et_pb_accordion][\/et_pb_column][\/et_pb_row][et_pb_row _builder_version=&#8220;4.27.4&#8243; _module_preset=&#8220;default&#8220; global_colors_info=&#8220;{}&#8220;][et_pb_column type=&#8220;4_4&#8243; _builder_version=&#8220;4.27.4&#8243; _module_preset=&#8220;default&#8220; global_colors_info=&#8220;{}&#8220;][et_pb_cta title=&#8220;Buche dir gleich dein Gespr\u00e4ch&#8220; button_url=&#8220;https:\/\/smilerelaxheal.youcanbook.me\/&#8220; url_new_window=&#8220;on&#8220; button_text=&#8220;Gespr\u00e4ch buchen&#8220; _builder_version=&#8220;4.27.4&#8243; _module_preset=&#8220;f93c16c3-7f33-4f09-bef8-4f9a52b26a66&#8243; button_text_color=&#8220;#FFFFFF&#8220; custom_margin=&#8220;0px||||false|false&#8220; custom_padding=&#8220;20px||20px||true|false&#8220; global_colors_info=&#8220;{}&#8220;]<\/p>\n<p>Bist du bereit f\u00fcr dich loszugehen? Transformiere dein Leben und lass deine Visionen wahr werden.<\/p>\n<p>&nbsp;<\/p>\n<p>[\/et_pb_cta][\/et_pb_column][\/et_pb_row][\/et_pb_section]<\/p>\n","protected":false},"excerpt":{"rendered":"<p>MEIN ANGEBOTIn einem kostenlosen Erstgespr\u00e4ch lernen wir uns kennen. Per Telefon, Video-Chat oder wenn m\u00f6glich auch pers\u00f6nlich darfst du mir ein bisschen von dir erz\u00e4hlen, alle deine Fragen stellen, oder mir deine W\u00fcnsche und Erwartungen mitteilen. Du entscheidest, ob dir ein Folgetermin mit mir zusagt. Es geht nur um dich, du sollst dich rundum wohl [&hellip;]<\/p>\n","protected":false},"author":1,"featured_media":0,"parent":0,"menu_order":0,"comment_status":"closed","ping_status":"closed","template":"","meta":{"_et_pb_use_builder":"on","_et_pb_old_content":"","_et_gb_content_width":"","footnotes":""},"class_list":["post-232","page","type-page","status-publish","hentry"],"_links":{"self":[{"href":"https:\/\/smile-relax-heal.com\/index.php?rest_route=\/wp\/v2\/pages\/232","targetHints":{"allow":["GET"]}}],"collection":[{"href":"https:\/\/smile-relax-heal.com\/index.php?rest_route=\/wp\/v2\/pages"}],"about":[{"href":"https:\/\/smile-relax-heal.com\/index.php?rest_route=\/wp\/v2\/types\/page"}],"author":[{"embeddable":true,"href":"https:\/\/smile-relax-heal.com\/index.php?rest_route=\/wp\/v2\/users\/1"}],"replies":[{"embeddable":true,"href":"https:\/\/smile-relax-heal.com\/index.php?rest_route=%2Fwp%2Fv2%2Fcomments&post=232"}],"version-history":[{"count":9,"href":"https:\/\/smile-relax-heal.com\/index.php?rest_route=\/wp\/v2\/pages\/232\/revisions"}],"predecessor-version":[{"id":2271,"href":"https:\/\/smile-relax-heal.com\/index.php?rest_route=\/wp\/v2\/pages\/232\/revisions\/2271"}],"wp:attachment":[{"href":"https:\/\/smile-relax-heal.com\/index.php?rest_route=%2Fwp%2Fv2%2Fmedia&parent=232"}],"curies":[{"name":"wp","href":"https:\/\/api.w.org\/{rel}","templated":true}]}}