{"id":263,"date":"2024-03-26T04:13:20","date_gmt":"2024-03-26T03:13:20","guid":{"rendered":"https:\/\/smile-relax-heal.com\/?page_id=263"},"modified":"2025-02-12T03:07:04","modified_gmt":"2025-02-12T02:07:04","slug":"reiki-anwendungen","status":"publish","type":"page","link":"https:\/\/smile-relax-heal.com\/?page_id=263","title":{"rendered":"Reiki-Anwendungen"},"content":{"rendered":"<p>[et_pb_section fb_built=&#8220;1&#8243; admin_label=&#8220;Header&#8220; _builder_version=&#8220;4.26.1&#8243; background_image=&#8220;https:\/\/smile-relax-heal.com\/wp-content\/uploads\/2024\/03\/DSC03897.jpeg&#8220; transform_scale=&#8220;102%|102%&#8220; transform_translate_linked=&#8220;off&#8220; transform_origin=&#8220;50%|49%&#8220; min_height=&#8220;500px&#8220; min_height_tablet=&#8220;300px&#8220; min_height_phone=&#8220;200px&#8220; min_height_last_edited=&#8220;on|tablet&#8220; height=&#8220;500px&#8220; height_tablet=&#8220;300px&#8220; height_phone=&#8220;200px&#8220; height_last_edited=&#8220;on|phone&#8220; max_height=&#8220;500px&#8220; max_height_tablet=&#8220;300px&#8220; max_height_phone=&#8220;200px&#8220; max_height_last_edited=&#8220;on|desktop&#8220; custom_padding=&#8220;54px||54px||true|&#8220; locked=&#8220;off&#8220; global_colors_info=&#8220;{}&#8220;][et_pb_row custom_padding_last_edited=&#8220;on|phone&#8220; _builder_version=&#8220;4.27.0&#8243; width_tablet=&#8220;&#8220; width_phone=&#8220;&#8220; width_last_edited=&#8220;on|phone&#8220; min_height=&#8220;0px&#8220; custom_margin=&#8220;0px||||false|false&#8220; custom_margin_tablet=&#8220;120px||||false|false&#8220; custom_margin_phone=&#8220;80px||||false|false&#8220; custom_margin_last_edited=&#8220;on|phone&#8220; custom_padding=&#8220;130px||||false|false&#8220; custom_padding_tablet=&#8220;21px||||false|false&#8220; custom_padding_phone=&#8220;20px||||false|false&#8220; global_colors_info=&#8220;{}&#8220;][et_pb_column type=&#8220;4_4&#8243; _builder_version=&#8220;4.27.0&#8243; global_colors_info=&#8220;{}&#8220;][et_pb_text _builder_version=&#8220;4.27.4&#8243; _module_preset=&#8220;786be028-8a97-4ca4-b758-fa0143ced89f&#8220; text_font=&#8220;||||||||&#8220; text_font_size=&#8220;22px&#8220; text_letter_spacing=&#8220;2px&#8220; background_color=&#8220;rgba(228,202,144,0.4)&#8220; text_orientation=&#8220;center&#8220; background_layout=&#8220;dark&#8220; width=&#8220;55%&#8220; width_tablet=&#8220;70%&#8220; max_width=&#8220;55%&#8220; max_width_tablet=&#8220;70%&#8220; min_height=&#8220;65px&#8220; min_height_tablet=&#8220;45px&#8220; min_height_phone=&#8220;25px&#8220; min_height_last_edited=&#8220;on|phone&#8220; height=&#8220;65px&#8220; height_tablet=&#8220;45px&#8220; height_phone=&#8220;25px&#8220; height_last_edited=&#8220;on|desktop&#8220; max_height=&#8220;65px&#8220; max_height_tablet=&#8220;45px&#8220; max_height_phone=&#8220;25px&#8220; max_height_last_edited=&#8220;on|desktop&#8220; custom_margin=&#8220;150px||||false|false&#8220; custom_margin_tablet=&#8220;0px||||false|false&#8220; custom_margin_phone=&#8220;-10px||||false|false&#8220; custom_margin_last_edited=&#8220;on|phone&#8220; custom_padding=&#8220;0px||0px||false|false&#8220; custom_padding_tablet=&#8220;0px||0px||false|false&#8220; custom_padding_phone=&#8220;0px||||false|false&#8220; custom_padding_last_edited=&#8220;on|phone&#8220; text_font_size_tablet=&#8220;18px&#8220; text_line_height_phone=&#8220;1.8em&#8220; header_letter_spacing_tablet=&#8220;&#8220; header_letter_spacing_phone=&#8220;&#8220; header_letter_spacing_last_edited=&#8220;on|phone&#8220; border_radii=&#8220;on|28px|28px|28px|28px&#8220; border_style_bottom=&#8220;none&#8220; border_radii_tablet=&#8220;on|25px|25px|25px|25px&#8220; border_radii_phone=&#8220;on|25px|25px|25px|25px&#8220; border_radii_last_edited=&#8220;on|phone&#8220; box_shadow_style=&#8220;preset1&#8243; box_shadow_spread=&#8220;15px&#8220; box_shadow_color=&#8220;rgba(228,202,144,0.4)&#8220; inline_fonts=&#8220;Poiret One&#8220; global_colors_info=&#8220;{}&#8220;]<\/p>\n<h1><span style=\"font-family: 'Poiret One';\">REIKI BEHANDLUNG<\/span><\/h1>\n<p>&nbsp;<\/p>\n<p>[\/et_pb_text][\/et_pb_column][\/et_pb_row][\/et_pb_section][et_pb_section fb_built=&#8220;1&#8243; custom_padding_last_edited=&#8220;on|desktop&#8220; admin_label=&#8220;Details&#8220; _builder_version=&#8220;4.27.0&#8243; custom_margin_tablet=&#8220;&#8220; custom_margin_phone=&#8220;||-30px||false|false&#8220; custom_margin_last_edited=&#8220;on|phone&#8220; custom_padding_tablet=&#8220;&#8220; custom_padding_phone=&#8220;&#8220; global_colors_info=&#8220;{}&#8220;][et_pb_row custom_padding_last_edited=&#8220;on|phone&#8220; _builder_version=&#8220;4.26.1&#8243; max_width=&#8220;1880px&#8220; module_alignment=&#8220;center&#8220; custom_margin=&#8220;75px|auto||auto||&#8220; custom_margin_tablet=&#8220;50px||||false|false&#8220; custom_margin_phone=&#8220;0px||||false|false&#8220; custom_margin_last_edited=&#8220;on|tablet&#8220; custom_padding=&#8220;0px|1px|0px|||&#8220; custom_padding_tablet=&#8220;0px|1px|0px|||&#8220; custom_padding_phone=&#8220;0px|1px|0px|||&#8220; global_colors_info=&#8220;{}&#8220;][et_pb_column type=&#8220;4_4&#8243; _builder_version=&#8220;4.25.2&#8243; background_enable_image=&#8220;off&#8220; background_size=&#8220;contain&#8220; global_colors_info=&#8220;{}&#8220;][et_pb_text _builder_version=&#8220;4.26.0&#8243; _module_preset=&#8220;786be028-8a97-4ca4-b758-fa0143ced89f&#8220; custom_padding=&#8220;||||false|false&#8220; global_colors_info=&#8220;{}&#8220;]<\/p>\n<p>Bei einer Behandlung stelle ich mich als Kanal f\u00fcr die Reiki-Energie zur Verf\u00fcgung. Es ist nicht meine eigene Energie die flie\u00dft, mir wird auch keine pers\u00f6nliche Kraft entzogen und die Energie wird auch nicht durch mich in irgendeiner Weise ver\u00e4ndert.<span class=\"Apple-converted-space\">\u00a0<\/span><\/p>\n<p>Es ist die universelle Lebensenergie, die ich absichtslos durch die Technik des Handauflegens kanalisiere und weiterleite.<span class=\"Apple-converted-space\">\u00a0<\/span><\/p>\n<p><span class=\"Apple-converted-space\">\u00a0<\/span>&#8211; \u00dcbrigens tr\u00e4gt bereits jeder das Potential des Reiki-Kanals in sich, nur ist uns meistens der Zugang dazu nicht (mehr) bewusst und mit der Zeit \u201everstopfen\u201c diese Kan\u00e4le in uns. Kinder und Tiere sind meist viel offener und verbinden sich oft ganz automatisch mit der Energie. &#8211;<span class=\"Apple-converted-space\">\u00a0<\/span><\/p>\n<p>Du darfst es dir einfach nur bequem machen &#8211; so wie du bist, denn Reiki-Energie flie\u00dft durch alles hindurch, durch die Kleidung, Decken, Kissen, sogar durch einen Gips. Das einzige was du ben\u00f6tigst, ist die Bereitschaft es geschehen zu lassen und zu beobachten.<span class=\"Apple-converted-space\">\u00a0<\/span><\/p>\n<p>Vertraue deinem K\u00f6rper, dass er sich genau das nimmt was er ben\u00f6tigt. Dabei lege ich meine H\u00e4nde auf verschiedene Punkte deines K\u00f6rpers, um den Energiefluss zu verst\u00e4rken. Es geht aber auch ohne direkte Ber\u00fchrung, wenn dir das angenehmer ist. Das besprechen wir alles vorab.<span class=\"Apple-converted-space\">\u00a0<\/span><\/p>\n<p>Jede Reiki-Behandlung kann sich unterschiedlich anf\u00fchlen, vielleicht sp\u00fcrst du eine angenehme W\u00e4rme, oder ein Kribbeln, vielleicht K\u00e4lte oder auch erstmal gar nichts. Vielleicht wirst du ganz entspannt oder auch unruhig wenn sich emotionale Blockaden l\u00f6sen. Es gibt kein richtig oder falsch, Reiki wirkt aber immer genau so, wie es dein K\u00f6rper braucht, ganz ohne zu vergleichen oder zu bewerten.<span class=\"Apple-converted-space\">\u00a0<\/span><\/p>\n<p>Nach der Behandlung nehmen wir uns Zeit das Erlebte auszutauschen, aufkommende Fragen zu besprechen oder einfach nur nachzusp\u00fcren. Auch in den Tagen nach der Behandlung stehe ich dir bei Fragen gerne zur Seite.<span class=\"Apple-converted-space\">\u00a0<\/span><\/p>\n<p>F\u00fcr eine komplette Behandlung inklusive Vor- und Nachgespr\u00e4ch plane ich 90 Minuten ein.<span class=\"Apple-converted-space\">\u00a0<\/span><\/p>\n<p>[\/et_pb_text][\/et_pb_column][\/et_pb_row][et_pb_row column_structure=&#8220;1_2,1_2&#8243; custom_padding_last_edited=&#8220;on|tablet&#8220; _builder_version=&#8220;4.27.0&#8243; _module_preset=&#8220;a53bf623-e561-446b-a704-ce0efb693535&#8243; width_tablet=&#8220;&#8220; width_phone=&#8220;&#8220; width_last_edited=&#8220;on|phone&#8220; custom_margin=&#8220;0px|auto||auto|false|false&#8220; custom_margin_tablet=&#8220;0px||||false|false&#8220; custom_margin_phone=&#8220;&#8220; custom_margin_last_edited=&#8220;on|phone&#8220; custom_padding=&#8220;115px||||false|false&#8220; custom_padding_tablet=&#8220;0px||||false|false&#8220; custom_padding_phone=&#8220;5px|||0px|false|false&#8220; global_colors_info=&#8220;{}&#8220;][et_pb_column type=&#8220;1_2&#8243; _builder_version=&#8220;4.26.1&#8243; background_enable_color=&#8220;off&#8220; custom_padding=&#8220;80px|50px|80px||true|false&#8220; custom_padding_tablet=&#8220;&#8220; custom_padding_phone=&#8220;49px|0px|0px||false|false&#8220; custom_padding_last_edited=&#8220;on|phone&#8220; global_colors_info=&#8220;{}&#8220;][et_pb_text _builder_version=&#8220;4.26.1&#8243; _module_preset=&#8220;786be028-8a97-4ca4-b758-fa0143ced89f&#8220; custom_margin_tablet=&#8220;&#8220; custom_margin_phone=&#8220;&#8220; custom_margin_last_edited=&#8220;on|phone&#8220; global_colors_info=&#8220;{}&#8220;]<\/p>\n<h3>WAS IST NOCH M\u00d6GLICH MIT REIKI<\/h3>\n<p>[\/et_pb_text][\/et_pb_column][et_pb_column type=&#8220;1_2&#8243; _builder_version=&#8220;4.27.0&#8243; background_color=&#8220;#E4CA90&#8243; background_enable_image=&#8220;off&#8220; custom_padding=&#8220;20px|20px|20px|20px|true|true&#8220; custom_padding_tablet=&#8220;20px|20px|20px|20px|true|true&#8220; custom_padding_phone=&#8220;10px|10px|10px|10px|true|true&#8220; custom_padding_last_edited=&#8220;on|phone&#8220; global_colors_info=&#8220;{}&#8220;][et_pb_accordion _builder_version=&#8220;4.27.4&#8243; _module_preset=&#8220;e5443d24-0143-4ed9-af06-b6df12a260b6&#8243; custom_margin_tablet=&#8220;&#8220; custom_margin_phone=&#8220;0px||||false|false&#8220; custom_margin_last_edited=&#8220;on|phone&#8220; custom_padding_tablet=&#8220;&#8220; custom_padding_phone=&#8220;&#8220; custom_padding_last_edited=&#8220;on|phone&#8220; border_width_all=&#8220;0px&#8220; global_colors_info=&#8220;{}&#8220;][et_pb_accordion_item title=&#8220;FERNREIKI&#8220; open=&#8220;off&#8220; _builder_version=&#8220;4.27.0&#8243; _module_preset=&#8220;e43a9561-bb9a-490a-b4e0-9d3b67f14291&#8243; body_text_align=&#8220;justify&#8220; global_colors_info=&#8220;{}&#8220; toggle_font_tablet=&#8220;&#8220; toggle_font_phone=&#8220;&#8220; toggle_font_last_edited=&#8220;on|desktop&#8220;]<\/p>\n<p>Ist eine direkte Behandlung mal nicht m\u00f6glich oder du ben\u00f6tigst Reiki-Energie zu einem bestimmten Anlass (Pr\u00fcfung, schwieriges Gespr\u00e4ch, etc.) dann schicke ich dir Fernreiki oder lege dir ein sogenanntes Reiki-Depot an, auf das du bei Bedarf zugreifen kannst.<\/p>\n<p>[\/et_pb_accordion_item][et_pb_accordion_item title=&#8220;ENERGETISCHE RAUMREINIGUNG&#8220; _builder_version=&#8220;4.27.0&#8243; _module_preset=&#8220;e43a9561-bb9a-490a-b4e0-9d3b67f14291&#8243; body_text_align=&#8220;justify&#8220; global_colors_info=&#8220;{}&#8220; open=&#8220;off&#8220;]<\/p>\n<p>auch in R\u00e4umen k\u00f6nnen sich energetische Blockaden festsetzen. Sei es durch die Vor-Besitzer \/ -Mieter oder unsere eigenen Streitgespr\u00e4che, Diskussionen, unangenehmen Besuch etc.<span class=\"Apple-converted-space\">\u00a0 <\/span>Mithilfe von Reiki und R\u00e4ucherwerk reinige ich deine R\u00e4ume von niederschwingenden Energien.<span class=\"Apple-converted-space\">\u00a0<\/span><\/p>\n<p>[\/et_pb_accordion_item][et_pb_accordion_item title=&#8220;REIKI-%22DUSCHE%22&#8243; _builder_version=&#8220;4.27.0&#8243; _module_preset=&#8220;e43a9561-bb9a-490a-b4e0-9d3b67f14291&#8243; body_text_align=&#8220;justify&#8220; global_colors_info=&#8220;{}&#8220; toggle_level=&#8220;h3&#8243; open=&#8220;off&#8220;]<\/p>\n<p>Eine Reiki Dusche ist ein Reiki-Depot, dass an einen Gegenstand oder Ort gekoppelt ist. Vielleicht hast du einen Stein oder anderen Gegenstand, den du gerne be dir tr\u00e4gst. Auch den k\u00f6nnen wir mit Reiki-Energie bef\u00fcllen. Du kannst dann jederzeit auf die Energie zugreifen.<span class=\"Apple-converted-space\">\u00a0<\/span><\/p>\n<p>[\/et_pb_accordion_item][et_pb_accordion_item title=&#8220;HAUSTIERE&#8220; _builder_version=&#8220;4.27.0&#8243; _module_preset=&#8220;e43a9561-bb9a-490a-b4e0-9d3b67f14291&#8243; body_text_align=&#8220;justify&#8220; global_colors_info=&#8220;{}&#8220; toggle_level=&#8220;h3&#8243; open=&#8220;off&#8220;]<\/p>\n<p>Selbstverst\u00e4ndlich behandle ich auch dein Haustier. Entweder als Direktbehandlung oder per Fernreiki. Tiere sind meistens sehr empf\u00e4nglich f\u00fcr die Reiki-Energie, insbesondere Katzen. Oft reicht ein kurzer Kontakt &#8211; ein anzapfen &#8211; und die Tiere sind wieder \u201eaufgeladen\u201c.<span class=\"Apple-converted-space\">\u00a0<\/span><\/p>\n<p>[\/et_pb_accordion_item][et_pb_accordion_item title=&#8220;CHAKRA-AUSGLEICH&#8220; _builder_version=&#8220;4.27.4&#8243; _dynamic_attributes=&#8220;link_option_url&#8220; _module_preset=&#8220;e43a9561-bb9a-490a-b4e0-9d3b67f14291&#8243; body_text_align=&#8220;justify&#8220; link_option_url=&#8220;@ET-DC@eyJkeW5hbWljIjp0cnVlLCJjb250ZW50IjoicG9zdF9saW5rX3VybF9wYWdlIiwic2V0dGluZ3MiOnsicG9zdF9pZCI6IjQ3NSJ9fQ==@&#8220; global_colors_info=&#8220;{}&#8220; toggle_level=&#8220;h3&#8243; open=&#8220;off&#8220;]<\/p>\n<p>Ein Chakren-Ausgleich kann auch in Form einer Reiki-Behandlung stattfinden. Manchmal kombiniere ich auch eine Komplett-Behandlung mit einem Chakren-Ausgleich. Es kann aber auch eine eigenst\u00e4ndige Behandlung sein, auch als Kurzbehandlung von 20 &#8211; 30 Minuten.<\/p>\n<p><span style=\"font-size: 17px;\">Oder wir besch\u00e4ftigen uns ganz ausf\u00fchrlich mit den einzelnen Chakras und bringen diese wieder in Balance &#8211; mit verschiedenen und ganz individuellen Methoden. Mehr dazu unter \u201e<a href=\"https:\/\/smile-relax-heal.com\/?page_id=475\">Chakra-Balance<\/a>\u201c.<\/span><\/p>\n<p>[\/et_pb_accordion_item][et_pb_accordion_item title=&#8220;REIKI-AUSBILDUNG&#8220; title_tablet=&#8220;REIKI-AUSBILDUNG&#8220; title_phone=&#8220;REIKI-AUSBILDUNG&#8220; title_last_edited=&#8220;on|desktop&#8220; content_tablet=&#8220;<\/p>\n<p>Du m\u00f6chtest dich als Reiki-Kanal einweihen lassen, um selbst Reiki geben zu k\u00f6nnen? In gem\u00fctlicher, pers\u00f6nlicher Atmosph\u00e4re widmen wir uns in meinen Seminaren f\u00fcr die Grade 1 -3 sowie den Lehrer-Grad allem Wissenswertem \u00fcber Reiki und die Anwendung. Ich freue mich, dich auf deinem Reiki-Weg begleiten zu d\u00fcrfen. <a href=%22https:\/\/smile-relax-heal.com\/?page_id=320%22>&#8230;mehr<\/a><\/p>\n<p>&#8220; content_phone=&#8220;<\/p>\n<p>Du m\u00f6chtest dich als Reiki-Kanal einweihen lassen, um selbst Reiki geben zu k\u00f6nnen? In gem\u00fctlicher, pers\u00f6nlicher Atmosph\u00e4re widmen wir uns in meinen Seminaren f\u00fcr die Grade 1 -3 sowie den Lehrer-Grad allem Wissenswertem \u00fcber Reiki und die Anwendung. Ich freue mich, dich auf deinem Reiki-Weg begleiten zu d\u00fcrfen. <a href=%22https:\/\/smile-relax-heal.com\/?page_id=320%22>&#8230;mehr<\/a><\/p>\n<p>&#8220; content_last_edited=&#8220;on|tablet&#8220; _builder_version=&#8220;4.27.4&#8243; _dynamic_attributes=&#8220;link_option_url&#8220; _module_preset=&#8220;e43a9561-bb9a-490a-b4e0-9d3b67f14291&#8243; body_text_align=&#8220;justify&#8220; link_option_url=&#8220;@ET-DC@eyJkeW5hbWljIjp0cnVlLCJjb250ZW50IjoicG9zdF9saW5rX3VybF9wYWdlIiwic2V0dGluZ3MiOnsicG9zdF9pZCI6IjMyMCJ9fQ==@&#8220; global_colors_info=&#8220;{}&#8220; toggle_level=&#8220;h3&#8243; open=&#8220;on&#8220;]<\/p>\n<p>Du m\u00f6chtest dich als Reiki-Kanal einweihen lassen, um selbst Reiki geben zu k\u00f6nnen? In gem\u00fctlicher, pers\u00f6nlicher Atmosph\u00e4re widmen wir uns allem Wissenswertem \u00fcber Reiki und die Anwendung. Ich freue mich, dich auf deinem Reiki-Weg begleiten zu d\u00fcrfen. <a href=\"https:\/\/smile-relax-heal.com\/?page_id=320\">&#8230;mehr<\/a><\/p>\n<p>[\/et_pb_accordion_item][\/et_pb_accordion][\/et_pb_column][\/et_pb_row][\/et_pb_section]<\/p>\n","protected":false},"excerpt":{"rendered":"<p>REIKI BEHANDLUNG &nbsp;Bei einer Behandlung stelle ich mich als Kanal f\u00fcr die Reiki-Energie zur Verf\u00fcgung. Es ist nicht meine eigene Energie die flie\u00dft, mir wird auch keine pers\u00f6nliche Kraft entzogen und die Energie wird auch nicht durch mich in irgendeiner Weise ver\u00e4ndert.\u00a0 Es ist die universelle Lebensenergie, die ich absichtslos durch die Technik des Handauflegens [&hellip;]<\/p>\n","protected":false},"author":1,"featured_media":0,"parent":0,"menu_order":0,"comment_status":"closed","ping_status":"closed","template":"","meta":{"_et_pb_use_builder":"on","_et_pb_old_content":"","_et_gb_content_width":"","footnotes":""},"class_list":["post-263","page","type-page","status-publish","hentry"],"_links":{"self":[{"href":"https:\/\/smile-relax-heal.com\/index.php?rest_route=\/wp\/v2\/pages\/263","targetHints":{"allow":["GET"]}}],"collection":[{"href":"https:\/\/smile-relax-heal.com\/index.php?rest_route=\/wp\/v2\/pages"}],"about":[{"href":"https:\/\/smile-relax-heal.com\/index.php?rest_route=\/wp\/v2\/types\/page"}],"author":[{"embeddable":true,"href":"https:\/\/smile-relax-heal.com\/index.php?rest_route=\/wp\/v2\/users\/1"}],"replies":[{"embeddable":true,"href":"https:\/\/smile-relax-heal.com\/index.php?rest_route=%2Fwp%2Fv2%2Fcomments&post=263"}],"version-history":[{"count":4,"href":"https:\/\/smile-relax-heal.com\/index.php?rest_route=\/wp\/v2\/pages\/263\/revisions"}],"predecessor-version":[{"id":2121,"href":"https:\/\/smile-relax-heal.com\/index.php?rest_route=\/wp\/v2\/pages\/263\/revisions\/2121"}],"wp:attachment":[{"href":"https:\/\/smile-relax-heal.com\/index.php?rest_route=%2Fwp%2Fv2%2Fmedia&parent=263"}],"curies":[{"name":"wp","href":"https:\/\/api.w.org\/{rel}","templated":true}]}}