{"id":380,"date":"2024-03-30T08:36:15","date_gmt":"2024-03-30T07:36:15","guid":{"rendered":"https:\/\/smile-relax-heal.com\/?page_id=380"},"modified":"2026-02-02T09:09:29","modified_gmt":"2026-02-02T08:09:29","slug":"geistige-begradigung","status":"publish","type":"page","link":"https:\/\/smile-relax-heal.com\/?page_id=380","title":{"rendered":"Geistige Begradigung"},"content":{"rendered":"<p>[et_pb_section fb_built=&#8220;1&#8243; custom_padding_last_edited=&#8220;on|phone&#8220; admin_label=&#8220;Header&#8220; _builder_version=&#8220;4.27.0&#8243; background_image=&#8220;https:\/\/smile-relax-heal.com\/wp-content\/uploads\/2024\/03\/DSC03796.jpeg&#8220; min_height=&#8220;500px&#8220; min_height_tablet=&#8220;300px&#8220; min_height_phone=&#8220;200px&#8220; min_height_last_edited=&#8220;on|phone&#8220; height=&#8220;500px&#8220; height_tablet=&#8220;300px&#8220; height_phone=&#8220;200px&#8220; height_last_edited=&#8220;on|desktop&#8220; max_height=&#8220;500px&#8220; max_height_tablet=&#8220;300px&#8220; max_height_phone=&#8220;200px&#8220; max_height_last_edited=&#8220;on|desktop&#8220; custom_margin_tablet=&#8220;&#8220; custom_margin_phone=&#8220;&#8220; custom_margin_last_edited=&#8220;on|desktop&#8220; custom_padding_tablet=&#8220;&#8220; custom_padding_phone=&#8220;&#8220; locked=&#8220;off&#8220; global_colors_info=&#8220;{}&#8220;][et_pb_row custom_padding_last_edited=&#8220;on|desktop&#8220; _builder_version=&#8220;4.27.0&#8243; width=&#8220;100%&#8220; module_alignment=&#8220;center&#8220; custom_margin_tablet=&#8220;&#8220; custom_margin_phone=&#8220;&#8220; custom_margin_last_edited=&#8220;on|phone&#8220; custom_padding=&#8220;47px|||||&#8220; custom_padding_tablet=&#8220;30px||||false|false&#8220; custom_padding_phone=&#8220;&#8220; global_colors_info=&#8220;{}&#8220;][et_pb_column type=&#8220;4_4&#8243; _builder_version=&#8220;4.16&#8243; global_colors_info=&#8220;{}&#8220;][et_pb_text _builder_version=&#8220;4.27.0&#8243; _module_preset=&#8220;786be028-8a97-4ca4-b758-fa0143ced89f&#8220; text_font=&#8220;||||||||&#8220; text_font_size=&#8220;22px&#8220; header_font=&#8220;|800|||||||&#8220; header_3_text_align=&#8220;center&#8220; text_orientation=&#8220;center&#8220; background_layout=&#8220;dark&#8220; width=&#8220;100%&#8220; max_width=&#8220;1080%&#8220; custom_margin=&#8220;180px||||false|false&#8220; custom_margin_tablet=&#8220;80px||||false|false&#8220; custom_margin_phone=&#8220;30px||||false|false&#8220; custom_margin_last_edited=&#8220;on|phone&#8220; custom_padding_tablet=&#8220;&#8220; custom_padding_phone=&#8220;&#8220; custom_padding_last_edited=&#8220;on|desktop&#8220; text_font_size_tablet=&#8220;18px&#8220; text_line_height_phone=&#8220;1.8em&#8220; header_letter_spacing_tablet=&#8220;&#8220; header_letter_spacing_phone=&#8220;3px&#8220; header_letter_spacing_last_edited=&#8220;on|phone&#8220; header_2_font_size_tablet=&#8220;&#8220; header_2_font_size_phone=&#8220;&#8220; header_2_font_size_last_edited=&#8220;on|phone&#8220; global_colors_info=&#8220;{}&#8220;]<\/p>\n<h1>GEISTIGE BEGRADIGUNG<\/h1>\n<p>[\/et_pb_text][et_pb_text _builder_version=&#8220;4.27.0&#8243; _module_preset=&#8220;786be028-8a97-4ca4-b758-fa0143ced89f&#8220; width=&#8220;80%&#8220; width_tablet=&#8220;80%&#8220; width_phone=&#8220;85%&#8220; max_width=&#8220;80%&#8220; max_width_tablet=&#8220;80%&#8220; max_width_phone=&#8220;85%&#8220; custom_margin=&#8220;-25px|||0px|false|false&#8220; custom_margin_tablet=&#8220;-30px||||false|false&#8220; custom_margin_phone=&#8220;-38px||||false|false&#8220; custom_margin_last_edited=&#8220;on|phone&#8220; custom_padding=&#8220;0px||0px||false|false&#8220; header_letter_spacing_tablet=&#8220;&#8220; header_letter_spacing_phone=&#8220;&#8220; header_letter_spacing_last_edited=&#8220;on|phone&#8220; header_2_font_size_tablet=&#8220;&#8220; header_2_font_size_phone=&#8220;16px&#8220; header_2_font_size_last_edited=&#8220;on|phone&#8220; header_2_letter_spacing_tablet=&#8220;&#8220; header_2_letter_spacing_phone=&#8220;0px&#8220; header_2_letter_spacing_last_edited=&#8220;on|tablet&#8220; global_colors_info=&#8220;{}&#8220;]<\/p>\n<h2>Aufgerichtet durchs Leben gehen<\/h2>\n<p>[\/et_pb_text][\/et_pb_column][\/et_pb_row][\/et_pb_section][et_pb_section fb_built=&#8220;1&#8243; custom_padding_last_edited=&#8220;on|desktop&#8220; admin_label=&#8220;Details&#8220; _builder_version=&#8220;4.27.0&#8243; custom_margin=&#8220;||32px|||&#8220; custom_margin_tablet=&#8220;||0px||false|false&#8220; custom_margin_phone=&#8220;||0px||false|false&#8220; custom_margin_last_edited=&#8220;on|phone&#8220; custom_padding=&#8220;80px||15px|||&#8220; custom_padding_tablet=&#8220;0px||0px||false|false&#8220; custom_padding_phone=&#8220;0px||0px||false|false&#8220; global_colors_info=&#8220;{}&#8220;][et_pb_row column_structure=&#8220;3_5,2_5&#8243; _builder_version=&#8220;4.27.0&#8243; custom_margin=&#8220;28px|auto|53px|auto||&#8220; custom_margin_tablet=&#8220;30px||20px||false|false&#8220; custom_margin_phone=&#8220;35px||5px||false|false&#8220; custom_margin_last_edited=&#8220;on|phone&#8220; custom_padding=&#8220;0px||0px||false|false&#8220; global_colors_info=&#8220;{}&#8220;][et_pb_column type=&#8220;3_5&#8243; _builder_version=&#8220;4.16&#8243; global_colors_info=&#8220;{}&#8220;][et_pb_text _builder_version=&#8220;4.27.5&#8243; _module_preset=&#8220;786be028-8a97-4ca4-b758-fa0143ced89f&#8220; hover_enabled=&#8220;0&#8243; global_colors_info=&#8220;{}&#8220; sticky_enabled=&#8220;0&#8243;]<\/p>\n<p>Bereits im Mutterleib und w\u00e4hrend der Geburt beeinflussen uns Erfahrungen, Gedanken, Gef\u00fchle, Eindr\u00fccke, Stimmungen usw., die sich in unserem Bewusstsein festsetzen und sich im weiteren Verlauf unseres Lebens &#8211; durch Glaubensmuster und Verhaltensweisen &#8211; oft noch verst\u00e4rken.<span class=\"Apple-converted-space\">\u00a0<\/span><\/p>\n<p>Alles, was uns aufgeladen wird und wurde &#8211; zum Teil auch aus anderen Leben, haben wir in unserem K\u00f6rper manifestiert. Die Folge davon k\u00f6nnen Blockaden an den dazugeh\u00f6rigen Steuerzentren, Chakren und den Organen bis zu St\u00f6rungen im psychischen und geistigen Bereich sein.<span class=\"Apple-converted-space\">\u00a0<\/span><\/p>\n<p>Machen wir uns bewusst, dass alle Zentren, Chakren, Dr\u00fcsen und Organsysteme mit der Wirbels\u00e4ule verbunden sind.<span class=\"Apple-converted-space\">\u00a0<\/span><\/p>\n<p>Befreien wir uns also von der Last, die unseren R\u00fccken krumm werden l\u00e4sst.<span class=\"Apple-converted-space\">\u00a0<\/span><\/p>\n<p>[\/et_pb_text][\/et_pb_column][et_pb_column type=&#8220;2_5&#8243; _builder_version=&#8220;4.16&#8243; global_colors_info=&#8220;{}&#8220;][et_pb_blurb title=&#8220;Ausgleich der Beinl\u00e4ngen&#8220; use_icon=&#8220;on&#8220; font_icon=&#8220;&#x4e;||divi||400&#8243; icon_color=&#8220;#E4CA90&#8243; icon_placement=&#8220;left&#8220; image_icon_width=&#8220;24px&#8220; content_max_width=&#8220;100%&#8220; _builder_version=&#8220;4.27.0&#8243; header_font=&#8220;|700|||||||&#8220; header_text_color=&#8220;#E4CA90&#8243; header_font_size=&#8220;23px&#8220; header_letter_spacing=&#8220;3px&#8220; header_line_height=&#8220;1.2em&#8220; custom_margin=&#8220;||10px||false|false&#8220; custom_padding=&#8220;0px|0px||||&#8220; animation=&#8220;off&#8220; header_font_size_tablet=&#8220;20px&#8220; header_font_size_phone=&#8220;17px&#8220; header_font_size_last_edited=&#8220;on|phone&#8220; header_letter_spacing_tablet=&#8220;3px&#8220; header_letter_spacing_phone=&#8220;3px&#8220; header_letter_spacing_last_edited=&#8220;on|tablet&#8220; header_line_height_tablet=&#8220;1.2em&#8220; header_line_height_phone=&#8220;1.4em&#8220; header_line_height_last_edited=&#8220;on|tablet&#8220; icon_font_size=&#8220;24px&#8220; locked=&#8220;off&#8220; global_colors_info=&#8220;{}&#8220;]<\/p>\n<h3><\/h3>\n<p>[\/et_pb_blurb][et_pb_blurb title=&#8220;Beseitigung von Beckenschiefstand&#8220; use_icon=&#8220;on&#8220; font_icon=&#8220;&#x4e;||divi||400&#8243; icon_color=&#8220;#E4CA90&#8243; icon_placement=&#8220;left&#8220; image_icon_width=&#8220;24px&#8220; content_max_width=&#8220;100%&#8220; _builder_version=&#8220;4.27.0&#8243; header_font=&#8220;|700|||||||&#8220; header_text_color=&#8220;#E4CA90&#8243; header_font_size=&#8220;23px&#8220; header_letter_spacing=&#8220;3px&#8220; header_line_height=&#8220;1.4em&#8220; custom_margin=&#8220;||10px||false|false&#8220; animation=&#8220;off&#8220; header_font_size_tablet=&#8220;20px&#8220; header_font_size_phone=&#8220;17px&#8220; header_font_size_last_edited=&#8220;on|phone&#8220; icon_font_size=&#8220;24px&#8220; locked=&#8220;off&#8220; global_colors_info=&#8220;{}&#8220;]<\/p>\n<h3><\/h3>\n<p>[\/et_pb_blurb][et_pb_blurb title=&#8220;Ausgleich der Schulterbl\u00e4tter&#8220; use_icon=&#8220;on&#8220; font_icon=&#8220;&#x4e;||divi||400&#8243; icon_color=&#8220;#E4CA90&#8243; icon_placement=&#8220;left&#8220; image_icon_width=&#8220;24px&#8220; content_max_width=&#8220;100%&#8220; _builder_version=&#8220;4.27.0&#8243; header_font=&#8220;|700|||||||&#8220; header_text_color=&#8220;#E4CA90&#8243; header_font_size=&#8220;23px&#8220; header_letter_spacing=&#8220;3px&#8220; header_line_height=&#8220;1.4em&#8220; custom_margin=&#8220;||10px||false|false&#8220; animation=&#8220;off&#8220; header_font_size_tablet=&#8220;20px&#8220; header_font_size_phone=&#8220;17px&#8220; header_font_size_last_edited=&#8220;on|tablet&#8220; header_letter_spacing_tablet=&#8220;3px&#8220; header_letter_spacing_phone=&#8220;3px&#8220; header_letter_spacing_last_edited=&#8220;on|desktop&#8220; header_line_height_tablet=&#8220;1.2em&#8220; header_line_height_phone=&#8220;1.2em&#8220; header_line_height_last_edited=&#8220;on|tablet&#8220; icon_font_size=&#8220;24px&#8220; locked=&#8220;off&#8220; global_colors_info=&#8220;{}&#8220;][\/et_pb_blurb][et_pb_blurb title=&#8220;Begleitet von einer Reiki-Behnadlung&#8220; use_icon=&#8220;on&#8220; font_icon=&#8220;&#x4e;||divi||400&#8243; icon_color=&#8220;#E4CA90&#8243; icon_placement=&#8220;left&#8220; image_icon_width=&#8220;24px&#8220; content_max_width=&#8220;100%&#8220; _builder_version=&#8220;4.27.0&#8243; header_font=&#8220;|700|||||||&#8220; header_text_color=&#8220;#E4CA90&#8243; header_font_size=&#8220;23px&#8220; header_letter_spacing=&#8220;3px&#8220; header_line_height=&#8220;1.4em&#8220; custom_margin=&#8220;||10px||false|false&#8220; animation=&#8220;off&#8220; header_font_size_tablet=&#8220;20px&#8220; header_font_size_phone=&#8220;17px&#8220; header_font_size_last_edited=&#8220;on|phone&#8220; header_letter_spacing_tablet=&#8220;3px&#8220; header_letter_spacing_phone=&#8220;3px&#8220; header_letter_spacing_last_edited=&#8220;on|tablet&#8220; header_line_height_tablet=&#8220;1.2em&#8220; header_line_height_phone=&#8220;1.4em&#8220; header_line_height_last_edited=&#8220;on|tablet&#8220; icon_font_size=&#8220;24px&#8220; locked=&#8220;off&#8220; global_colors_info=&#8220;{}&#8220;][\/et_pb_blurb][\/et_pb_column][\/et_pb_row][et_pb_row column_structure=&#8220;1_2,1_2&#8243; use_custom_gutter=&#8220;on&#8220; gutter_width=&#8220;2&#8243; custom_padding_last_edited=&#8220;on|tablet&#8220; _builder_version=&#8220;4.27.0&#8243; custom_margin_tablet=&#8220;&#8220; custom_margin_phone=&#8220;0px||||false|false&#8220; custom_margin_last_edited=&#8220;on|phone&#8220; custom_padding_tablet=&#8220;&#8220; custom_padding_phone=&#8220;||||false|false&#8220; global_colors_info=&#8220;{}&#8220;][et_pb_column type=&#8220;1_2&#8243; _builder_version=&#8220;4.27.0&#8243; background_enable_color=&#8220;off&#8220; custom_padding=&#8220;80px|50px|80px||true|false&#8220; custom_padding_tablet=&#8220;0px|0px|0px||true|false&#8220; custom_padding_phone=&#8220;0px|0px|0px||true|false&#8220; custom_padding_last_edited=&#8220;on|phone&#8220; global_colors_info=&#8220;{}&#8220;][et_pb_text _builder_version=&#8220;4.27.0&#8243; _module_preset=&#8220;786be028-8a97-4ca4-b758-fa0143ced89f&#8220; text_font=&#8220;Poiret One||||||||&#8220; text_font_size=&#8220;27px&#8220; text_letter_spacing=&#8220;2px&#8220; text_line_height=&#8220;1.2em&#8220; custom_margin_tablet=&#8220;0px||||false|false&#8220; custom_margin_phone=&#8220;||||false|false&#8220; custom_margin_last_edited=&#8220;on|tablet&#8220; custom_padding=&#8220;||||false|false&#8220; custom_padding_tablet=&#8220;0px||||false|false&#8220; custom_padding_phone=&#8220;||||false|false&#8220; custom_padding_last_edited=&#8220;on|tablet&#8220; header_3_letter_spacing_tablet=&#8220;&#8220; header_3_letter_spacing_phone=&#8220;&#8220; header_3_letter_spacing_last_edited=&#8220;on|tablet&#8220; header_3_line_height_tablet=&#8220;&#8220; header_3_line_height_phone=&#8220;&#8220; header_3_line_height_last_edited=&#8220;on|tablet&#8220; global_colors_info=&#8220;{}&#8220;]<\/p>\n<h3>Energetische Aufrichtung der Wirbels\u00e4ule<\/h3>\n<p>[\/et_pb_text][\/et_pb_column][et_pb_column type=&#8220;1_2&#8243; _builder_version=&#8220;4.27.0&#8243; custom_padding_tablet=&#8220;&#8220; custom_padding_phone=&#8220;&#8220; custom_padding_last_edited=&#8220;on|phone&#8220; border_width_all=&#8220;2px&#8220; global_colors_info=&#8220;{}&#8220;][et_pb_text _builder_version=&#8220;4.27.0&#8243; _module_preset=&#8220;786be028-8a97-4ca4-b758-fa0143ced89f&#8220; width=&#8220;90%&#8220; custom_margin=&#8220;22px||22px|0px|false|false&#8220; custom_margin_tablet=&#8220;22px||22px|0px|false|false&#8220; custom_margin_phone=&#8220;8px||0px||false|false&#8220; custom_margin_last_edited=&#8220;on|phone&#8220; custom_padding=&#8220;|5px||5px|false|true&#8220; custom_padding_tablet=&#8220;|5px||5px|false|true&#8220; custom_padding_phone=&#8220;|5px||8px|false|false&#8220; custom_padding_last_edited=&#8220;on|phone&#8220; module_alignment_tablet=&#8220;center&#8220; module_alignment_phone=&#8220;center&#8220; module_alignment_last_edited=&#8220;on|phone&#8220; global_colors_info=&#8220;{}&#8220;]<\/p>\n<p>Uns geistig oder energetisch aufzurichten bedeutet, wieder in die g\u00f6ttliche Ordnung zu gelangen, in einen gesunden Zustand zur\u00fcckzukehren, ordnende Strukturen wieder herzustellen, damit die Energie wieder frei flie\u00dfen kann. Der K\u00f6rper folgt dieser Ordnung von innen heraus &#8211; die R\u00fcckenmuskulatur entspannt sich, die Wirbels\u00e4ule richtet sich auf, der Becken-Schiefstand, sowie die Beinl\u00e4ngen-Differenz kann sich ausgleichen. Energieblockaden auf geistiger, emotionaler und k\u00f6rperlicher Ebene k\u00f6nnen sich l\u00f6sen.<span class=\"Apple-converted-space\">\u00a0<\/span><\/p>\n<p>Die geistige Begradigung geschieht ganz ohne Ber\u00fchrung des K\u00f6rpers oder Ver\u00e4nderung am Skelett und das oft in Sekundenschnelle. Sie ist eine Form des geistigen Heilens und ist mit unserem Verstand weder zu erkl\u00e4ren noch zu erfassen.<span class=\"Apple-converted-space\">\u00a0<\/span><span class=\"Apple-converted-space\"><\/span><\/p>\n<p><span class=\"Apple-converted-space\"><\/span><\/p>\n<p>[\/et_pb_text][\/et_pb_column][\/et_pb_row][\/et_pb_section][et_pb_section fb_built=&#8220;1&#8243; custom_padding_last_edited=&#8220;on|phone&#8220; _builder_version=&#8220;4.27.0&#8243; _module_preset=&#8220;default&#8220; background_enable_color=&#8220;off&#8220; custom_margin_tablet=&#8220;&#8220; custom_margin_phone=&#8220;&#8220; custom_margin_last_edited=&#8220;on|tablet&#8220; custom_padding=&#8220;33px||80px|||&#8220; custom_padding_tablet=&#8220;0px||0px||false|false&#8220; custom_padding_phone=&#8220;0px||0px||false|false&#8220; global_colors_info=&#8220;{}&#8220;][et_pb_row _builder_version=&#8220;4.27.0&#8243; _module_preset=&#8220;default&#8220; background_enable_color=&#8220;off&#8220; background_enable_image=&#8220;off&#8220; width_tablet=&#8220;&#8220; width_phone=&#8220;&#8220; width_last_edited=&#8220;on|phone&#8220; custom_margin_tablet=&#8220;&#8220; custom_margin_phone=&#8220;&#8220; custom_margin_last_edited=&#8220;on|phone&#8220; global_colors_info=&#8220;{}&#8220;][et_pb_column type=&#8220;4_4&#8243; _builder_version=&#8220;4.27.0&#8243; _module_preset=&#8220;default&#8220; background_image=&#8220;https:\/\/smile-relax-heal.com\/wp-content\/uploads\/2024\/03\/Nepal-Pagode.jpeg&#8220; background_enable_mask_style=&#8220;on&#8220; background_mask_style=&#8220;arch&#8220; custom_padding_tablet=&#8220;&#8220; custom_padding_phone=&#8220;&#8220; custom_padding_last_edited=&#8220;on|phone&#8220; background_last_edited=&#8220;on|desktop&#8220; background_enable_image_tablet=&#8220;off&#8220; background_enable_mask_style_tablet=&#8220;off&#8220; global_colors_info=&#8220;{}&#8220;][et_pb_text _builder_version=&#8220;4.27.0&#8243; _module_preset=&#8220;786be028-8a97-4ca4-b758-fa0143ced89f&#8220; width=&#8220;100%&#8220; max_width=&#8220;100%&#8220; custom_margin=&#8220;||19px||false|false&#8220; custom_margin_tablet=&#8220;5px||5px|0px|false|false&#8220; custom_margin_phone=&#8220;5px||5px|0px|false|false&#8220; custom_margin_last_edited=&#8220;on|phone&#8220; custom_padding=&#8220;|||5px|false|false&#8220; header_3_letter_spacing_tablet=&#8220;&#8220; header_3_letter_spacing_phone=&#8220;&#8220; header_3_letter_spacing_last_edited=&#8220;on|desktop&#8220; header_3_line_height_tablet=&#8220;&#8220; header_3_line_height_phone=&#8220;&#8220; header_3_line_height_last_edited=&#8220;on|desktop&#8220; module_alignment_tablet=&#8220;&#8220; module_alignment_phone=&#8220;&#8220; module_alignment_last_edited=&#8220;on|tablet&#8220; global_colors_info=&#8220;{}&#8220;]<\/p>\n<h3>Ablauf der Behandlung<\/h3>\n<p>[\/et_pb_text][et_pb_text _builder_version=&#8220;4.27.0&#8243; _module_preset=&#8220;786be028-8a97-4ca4-b758-fa0143ced89f&#8220; text_orientation=&#8220;left&#8220; width=&#8220;100%&#8220; width_tablet=&#8220;100%&#8220; width_phone=&#8220;&#8220; width_last_edited=&#8220;on|tablet&#8220; max_width=&#8220;100%&#8220; max_width_tablet=&#8220;100%&#8220; module_alignment=&#8220;left&#8220; custom_margin=&#8220;0px|||0px|false|false&#8220; custom_margin_tablet=&#8220;0px|||0px|false|false&#8220; custom_margin_phone=&#8220;0px|||0px|false|false&#8220; custom_margin_last_edited=&#8220;on|phone&#8220; custom_padding=&#8220;|450px|||false|false&#8220; custom_padding_tablet=&#8220;|5px||5px|false|true&#8220; custom_padding_phone=&#8220;|5px||5px|false|true&#8220; custom_padding_last_edited=&#8220;on|desktop&#8220; text_font_size_tablet=&#8220;&#8220; text_font_size_phone=&#8220;&#8220; text_font_size_last_edited=&#8220;on|phone&#8220; global_colors_info=&#8220;{}&#8220;]<\/p>\n<p><span style=\"color: #000000;\">Die energetische Wirbels\u00e4ulenaufrichtung wird immer begleitet<span class=\"Apple-converted-space\">\u00a0 <\/span>von einer Reiki-Behandlung. Dabei stelle ich mich als Heilkanal zur Verf\u00fcgung.<\/span><\/p>\n<p>[\/et_pb_text][et_pb_text _builder_version=&#8220;4.27.0&#8243; _module_preset=&#8220;786be028-8a97-4ca4-b758-fa0143ced89f&#8220; text_orientation=&#8220;left&#8220; width=&#8220;100%&#8220; width_tablet=&#8220;100%&#8220; max_width=&#8220;100%&#8220; max_width_tablet=&#8220;100%&#8220; custom_margin_tablet=&#8220;-15px|||0px|false|false&#8220; custom_margin_phone=&#8220;-15px|||0px|false|false&#8220; custom_margin_last_edited=&#8220;on|phone&#8220; custom_padding=&#8220;|478px||||&#8220; custom_padding_tablet=&#8220;|5px||5px|false|true&#8220; custom_padding_phone=&#8220;|5px||5px|false|true&#8220; custom_padding_last_edited=&#8220;on|desktop&#8220; global_colors_info=&#8220;{}&#8220;]<\/p>\n<p><span style=\"color: #000000;\">Wir \u201escannen\u201c gemeinsam deinen K\u00f6rper in einer kleinen K\u00f6rper-Meditation f\u00fcr ein vorher- nachher Gef\u00fchl und schauen uns auch deine Beinl\u00e4ngendifferenz an. Keine Sorge, es ist ganz normal, dass unsere beiden K\u00f6rperh\u00e4lften nicht identisch sind, aber durch verschiedene Einfl\u00fcsse kann sich die Differenz verst\u00e4rken und wir werden etwas zu schief. <\/span><\/p>\n<p>[\/et_pb_text][et_pb_text _builder_version=&#8220;4.27.0&#8243; _module_preset=&#8220;786be028-8a97-4ca4-b758-fa0143ced89f&#8220; text_orientation=&#8220;left&#8220; width=&#8220;100%&#8220; width_tablet=&#8220;100%&#8220; max_width=&#8220;100%&#8220; max_width_tablet=&#8220;100%&#8220; custom_margin=&#8220;-15px|||0px|false|false&#8220; custom_margin_tablet=&#8220;-15px|||0px|false|false&#8220; custom_margin_phone=&#8220;-15px|||0px|false|false&#8220; custom_margin_last_edited=&#8220;on|tablet&#8220; custom_padding=&#8220;|510px|||false|false&#8220; custom_padding_tablet=&#8220;|5px||5px|false|true&#8220; custom_padding_phone=&#8220;|5px||5px|false|true&#8220; custom_padding_last_edited=&#8220;on|phone&#8220; global_colors_info=&#8220;{}&#8220;]<\/p>\n<p><span style=\"color: #000000;\">Bei der eigentlichen Begradigung liegst du bequem und entspannt auf dem Bauch, es dauert nur ein paar Minuten, dabei ber\u00fchre ich dich nicht. Dann folgt eine komplette Reiki-Behandlung deiner K\u00f6rperr\u00fcck- und Vorderseite. <\/span><\/p>\n<p>[\/et_pb_text][et_pb_text _builder_version=&#8220;4.27.0&#8243; _module_preset=&#8220;786be028-8a97-4ca4-b758-fa0143ced89f&#8220; text_orientation=&#8220;left&#8220; width=&#8220;100%&#8220; width_tablet=&#8220;100%&#8220; max_width=&#8220;100%&#8220; max_width_tablet=&#8220;100%&#8220; custom_margin_tablet=&#8220;-15px||||false|false&#8220; custom_margin_phone=&#8220;-15px||||false|false&#8220; custom_margin_last_edited=&#8220;on|phone&#8220; custom_padding=&#8220;|512px||||&#8220; custom_padding_tablet=&#8220;|5px||5px|false|true&#8220; custom_padding_phone=&#8220;|5px||5px|false|true&#8220; custom_padding_last_edited=&#8220;on|tablet&#8220; global_colors_info=&#8220;{}&#8220;]<\/p>\n<p><span style=\"color: #000000;\">Am Ende schauen wir uns wieder die L\u00e4nge deiner Beine an, \u201escannen\u201c deinen K\u00f6rper und besprechen deine Erfahrungen und Empfindungen. <\/span><\/p>\n<p>[\/et_pb_text][et_pb_text _builder_version=&#8220;4.27.0&#8243; _module_preset=&#8220;786be028-8a97-4ca4-b758-fa0143ced89f&#8220; text_orientation=&#8220;left&#8220; width=&#8220;100%&#8220; width_tablet=&#8220;100%&#8220; width_phone=&#8220;&#8220; width_last_edited=&#8220;on|tablet&#8220; max_width=&#8220;100%&#8220; max_width_tablet=&#8220;100%&#8220; custom_margin_tablet=&#8220;-15px||||false|false&#8220; custom_margin_phone=&#8220;-15px||||false|false&#8220; custom_margin_last_edited=&#8220;on|phone&#8220; custom_padding=&#8220;|506px||||&#8220; custom_padding_tablet=&#8220;|5px||5px|false|true&#8220; custom_padding_phone=&#8220;|5px||5px|false|true&#8220; custom_padding_last_edited=&#8220;on|tablet&#8220; global_colors_info=&#8220;{}&#8220;]<\/p>\n<p><span style=\"color: #000000;\">Auch ungeborene Kinder im Mutterleib k\u00f6nnen schon begradigt werden und ebenso nat\u00fcrlich auch unsere Tiere.\u00a0<\/span><\/p>\n<p>[\/et_pb_text][et_pb_text _builder_version=&#8220;4.27.0&#8243; _module_preset=&#8220;786be028-8a97-4ca4-b758-fa0143ced89f&#8220; text_orientation=&#8220;left&#8220; width=&#8220;100%&#8220; width_tablet=&#8220;100%&#8220; max_width=&#8220;100%&#8220; max_width_tablet=&#8220;100%&#8220; custom_margin_tablet=&#8220;-15px||||false|false&#8220; custom_margin_phone=&#8220;-15px||||false|false&#8220; custom_margin_last_edited=&#8220;on|phone&#8220; custom_padding=&#8220;|478px||||&#8220; custom_padding_tablet=&#8220;|5px||5px|false|true&#8220; custom_padding_phone=&#8220;|5px||5px|false|true&#8220; custom_padding_last_edited=&#8220;on|phone&#8220; global_colors_info=&#8220;{}&#8220;]<\/p>\n<p><span style=\"color: #000000;\">Es muss sich auch nicht immer um k\u00f6rperliche Beschwerden handeln, denn die geistige Aufrichtung ist eine wundervolle M\u00f6glichkeit der Vorsorge und des spirituellen Wachstums. <\/span><\/p>\n<p>[\/et_pb_text][et_pb_text _builder_version=&#8220;4.27.0&#8243; _module_preset=&#8220;786be028-8a97-4ca4-b758-fa0143ced89f&#8220; header_3_line_height=&#8220;1.7em&#8220; background_enable_image=&#8220;off&#8220; text_orientation=&#8220;left&#8220; width=&#8220;100%&#8220; width_tablet=&#8220;100%&#8220; max_width=&#8220;100%&#8220; max_width_tablet=&#8220;100%&#8220; custom_margin=&#8220;|15px||0px|false|false&#8220; custom_margin_tablet=&#8220;-15px|0px|9px||false|false&#8220; custom_margin_phone=&#8220;-15px|0px|9px||false|false&#8220; custom_margin_last_edited=&#8220;on|phone&#8220; custom_padding=&#8220;|451px|||false|false&#8220; custom_padding_tablet=&#8220;|5px||5px|false|true&#8220; custom_padding_phone=&#8220;|5px||5px|false|true&#8220; custom_padding_last_edited=&#8220;on|tablet&#8220; global_colors_info=&#8220;{}&#8220;]<\/p>\n<p><span class=\"Apple-converted-space\" style=\"color: #000000;\">Bereitschaft und Offenheit sind die Voraussetzungen von deiner Seite, denn es kann immer nur soviel bewirkt werden, wie wir uns zu \u00f6ffnen bereit sind.<\/span><\/p>\n<p>[\/et_pb_text][\/et_pb_column][\/et_pb_row][\/et_pb_section]<\/p>\n","protected":false},"excerpt":{"rendered":"<p>GEISTIGE BEGRADIGUNGAufgerichtet durchs Leben gehenBereits im Mutterleib und w\u00e4hrend der Geburt beeinflussen uns Erfahrungen, Gedanken, Gef\u00fchle, Eindr\u00fccke, Stimmungen usw., die sich in unserem Bewusstsein festsetzen und sich im weiteren Verlauf unseres Lebens &#8211; durch Glaubensmuster und Verhaltensweisen &#8211; oft noch verst\u00e4rken.\u00a0 Alles, was uns aufgeladen wird und wurde &#8211; zum Teil auch aus anderen Leben, [&hellip;]<\/p>\n","protected":false},"author":1,"featured_media":0,"parent":0,"menu_order":0,"comment_status":"closed","ping_status":"closed","template":"","meta":{"_et_pb_use_builder":"on","_et_pb_old_content":"","_et_gb_content_width":"","footnotes":""},"class_list":["post-380","page","type-page","status-publish","hentry"],"_links":{"self":[{"href":"https:\/\/smile-relax-heal.com\/index.php?rest_route=\/wp\/v2\/pages\/380","targetHints":{"allow":["GET"]}}],"collection":[{"href":"https:\/\/smile-relax-heal.com\/index.php?rest_route=\/wp\/v2\/pages"}],"about":[{"href":"https:\/\/smile-relax-heal.com\/index.php?rest_route=\/wp\/v2\/types\/page"}],"author":[{"embeddable":true,"href":"https:\/\/smile-relax-heal.com\/index.php?rest_route=\/wp\/v2\/users\/1"}],"replies":[{"embeddable":true,"href":"https:\/\/smile-relax-heal.com\/index.php?rest_route=%2Fwp%2Fv2%2Fcomments&post=380"}],"version-history":[{"count":3,"href":"https:\/\/smile-relax-heal.com\/index.php?rest_route=\/wp\/v2\/pages\/380\/revisions"}],"predecessor-version":[{"id":2307,"href":"https:\/\/smile-relax-heal.com\/index.php?rest_route=\/wp\/v2\/pages\/380\/revisions\/2307"}],"wp:attachment":[{"href":"https:\/\/smile-relax-heal.com\/index.php?rest_route=%2Fwp%2Fv2%2Fmedia&parent=380"}],"curies":[{"name":"wp","href":"https:\/\/api.w.org\/{rel}","templated":true}]}}