{"id":411,"date":"2024-03-30T08:37:39","date_gmt":"2024-03-30T07:37:39","guid":{"rendered":"https:\/\/smile-relax-heal.com\/?page_id=411"},"modified":"2025-02-12T03:01:17","modified_gmt":"2025-02-12T02:01:17","slug":"r-e-s-e-t-kieferbalance","status":"publish","type":"page","link":"https:\/\/smile-relax-heal.com\/?page_id=411","title":{"rendered":"R.E.S.E.T. Kieferbalance"},"content":{"rendered":"<p>[et_pb_section fb_built=&#8220;1&#8243; admin_label=&#8220;Header&#8220; _builder_version=&#8220;4.27.0&#8243; background_image=&#8220;https:\/\/smile-relax-heal.com\/wp-content\/uploads\/2024\/03\/DSC06719.jpeg&#8220; min_height=&#8220;500px&#8220; min_height_tablet=&#8220;300px&#8220; min_height_phone=&#8220;200px&#8220; min_height_last_edited=&#8220;on|phone&#8220; height=&#8220;500px&#8220; height_tablet=&#8220;300px&#8220; height_phone=&#8220;200px&#8220; height_last_edited=&#8220;on|desktop&#8220; max_height=&#8220;500px&#8220; max_height_tablet=&#8220;300px&#8220; max_height_phone=&#8220;200px&#8220; max_height_last_edited=&#8220;on|desktop&#8220; module_alignment_tablet=&#8220;&#8220; module_alignment_phone=&#8220;&#8220; module_alignment_last_edited=&#8220;on|desktop&#8220; locked=&#8220;off&#8220; global_colors_info=&#8220;{}&#8220;][et_pb_row custom_padding_last_edited=&#8220;on|tablet&#8220; _builder_version=&#8220;4.27.0&#8243; custom_margin=&#8220;160px|auto||auto|false|false&#8220; custom_margin_tablet=&#8220;146px||||false|false&#8220; custom_margin_phone=&#8220;80px||||false|false&#8220; custom_margin_last_edited=&#8220;on|phone&#8220; custom_padding=&#8220;87px|||||&#8220; custom_padding_tablet=&#8220;0px||||false|false&#8220; custom_padding_phone=&#8220;0px||||false|false&#8220; global_colors_info=&#8220;{}&#8220;][et_pb_column type=&#8220;4_4&#8243; _builder_version=&#8220;4.16&#8243; global_colors_info=&#8220;{}&#8220;][et_pb_text _builder_version=&#8220;4.27.4&#8243; _module_preset=&#8220;786be028-8a97-4ca4-b758-fa0143ced89f&#8220; text_font=&#8220;||||||||&#8220; text_font_size=&#8220;22px&#8220; header_font=&#8220;|800|||||||&#8220; background_color=&#8220;rgba(228,202,144,0.4)&#8220; text_orientation=&#8220;center&#8220; background_layout=&#8220;dark&#8220; width=&#8220;70%&#8220; width_tablet=&#8220;90%&#8220; width_phone=&#8220;80%&#8220; width_last_edited=&#8220;on|tablet&#8220; max_width=&#8220;70%&#8220; max_width_tablet=&#8220;90%&#8220; max_width_phone=&#8220;80%&#8220; min_height=&#8220;60px&#8220; min_height_tablet=&#8220;30px&#8220; min_height_phone=&#8220;50px&#8220; min_height_last_edited=&#8220;on|phone&#8220; height=&#8220;60px&#8220; height_tablet=&#8220;30px&#8220; height_phone=&#8220;50px&#8220; height_last_edited=&#8220;on|tablet&#8220; max_height=&#8220;60px&#8220; max_height_tablet=&#8220;30px&#8220; max_height_phone=&#8220;50px&#8220; max_height_last_edited=&#8220;on|tablet&#8220; custom_margin=&#8220;0px|0px||0px|false|false&#8220; custom_margin_tablet=&#8220;|0px||0px|false|false&#8220; custom_margin_phone=&#8220;-10px|0px|0px|0px|false|false&#8220; custom_margin_last_edited=&#8220;on|tablet&#8220; custom_padding=&#8220;0px||70px||false|false&#8220; custom_padding_tablet=&#8220;||50px||false|false&#8220; custom_padding_phone=&#8220;||60px||false|false&#8220; custom_padding_last_edited=&#8220;on|phone&#8220; hover_enabled=&#8220;0&#8243; text_font_size_tablet=&#8220;18px&#8220; text_line_height_phone=&#8220;1.8em&#8220; border_radii=&#8220;on|25px|25px|25px|25px&#8220; border_radii_tablet=&#8220;on|25px|25px|25px|25px&#8220; border_radii_phone=&#8220;on|25px|25px|25px|25px&#8220; border_radii_last_edited=&#8220;on|phone&#8220; box_shadow_style=&#8220;preset1&#8243; box_shadow_color=&#8220;rgba(228,202,144,0.4)&#8220; inline_fonts=&#8220;Poiret One&#8220; global_colors_info=&#8220;{}&#8220; box_shadow_spread=&#8220;15px&#8220; sticky_enabled=&#8220;0&#8243;]<\/p>\n<h1>R.E.S.E.T.-KIEFERBALANCE<\/h1>\n<p>[\/et_pb_text][\/et_pb_column][\/et_pb_row][\/et_pb_section][et_pb_section fb_built=&#8220;1&#8243; admin_label=&#8220;Details&#8220; _builder_version=&#8220;4.27.0&#8243; custom_margin=&#8220;0px||||false|false&#8220; custom_margin_tablet=&#8220;0px||||false|false&#8220; custom_margin_phone=&#8220;0px||||false|false&#8220; custom_margin_last_edited=&#8220;on|phone&#8220; custom_padding=&#8220;0px||76px||false|false&#8220; global_colors_info=&#8220;{}&#8220;][et_pb_row column_structure=&#8220;3_5,2_5&#8243; _builder_version=&#8220;4.27.0&#8243; custom_margin=&#8220;70px||||false|false&#8220; custom_margin_tablet=&#8220;0px||||false|false&#8220; custom_margin_phone=&#8220;0px||||false|false&#8220; custom_margin_last_edited=&#8220;on|phone&#8220; custom_padding=&#8220;30px|0px|||false|false&#8220; global_colors_info=&#8220;{}&#8220;][et_pb_column type=&#8220;3_5&#8243; _builder_version=&#8220;4.24.3&#8243; global_colors_info=&#8220;{}&#8220;][et_pb_text _builder_version=&#8220;4.26.0&#8243; _module_preset=&#8220;786be028-8a97-4ca4-b758-fa0143ced89f&#8220; custom_padding=&#8220;15px|15px|||false|false&#8220; inline_fonts=&#8220;Poiret One&#8220; global_colors_info=&#8220;{}&#8220;]<\/p>\n<p>R.E.S.E.T.\u00ae Kiefergelenkbalance wurde von Philip Rafferty, einem australischen Kinesiologen, entwickelt und ist eine sehr sanfte Methode, um die Kiefermuskeln zu entspannen und das Kiefergelenk auszugleichen.<\/p>\n<p>[\/et_pb_text][et_pb_text _builder_version=&#8220;4.27.0&#8243; _module_preset=&#8220;786be028-8a97-4ca4-b758-fa0143ced89f&#8220; width_phone=&#8220;95%&#8220; max_width_phone=&#8220;95%&#8220; global_colors_info=&#8220;{}&#8220;]<\/p>\n<h4>Balancierter Kiefer &#8211; Balancierter K\u00f6rper<\/h4>\n<p>[\/et_pb_text][et_pb_text _builder_version=&#8220;4.26.0&#8243; _module_preset=&#8220;786be028-8a97-4ca4-b758-fa0143ced89f&#8220; custom_padding=&#8220;|15px|||false|false&#8220; global_colors_info=&#8220;{}&#8220;]<\/p>\n<p>Das Kiefergelenk hat einen starken Einfluss auf unseren gesamten K\u00f6rper. Das Kiefergelenk ist \u00fcber die Sch\u00e4delknochen und die harte Hirnhaut mit dem gesamten Wirbelkanal verbunden und beeinflusst das Skelett, die Muskeln, die Meridiane und das Nervensystem.<\/p>\n<p>[\/et_pb_text][\/et_pb_column][et_pb_column type=&#8220;2_5&#8243; _builder_version=&#8220;4.24.3&#8243; custom_padding=&#8220;||||false|false&#8220; global_colors_info=&#8220;{}&#8220;][et_pb_text _builder_version=&#8220;4.27.0&#8243; _module_preset=&#8220;786be028-8a97-4ca4-b758-fa0143ced89f&#8220; text_text_color=&#8220;#000000&#8243; background_enable_color=&#8220;off&#8220; width=&#8220;100%&#8220; max_width=&#8220;100%&#8220; module_alignment=&#8220;left&#8220; custom_margin_tablet=&#8220;35px||||false|false&#8220; custom_margin_phone=&#8220;35px||||false|false&#8220; custom_margin_last_edited=&#8220;on|phone&#8220; custom_padding=&#8220;15px|15px|15px|15px|false|false&#8220; custom_padding_tablet=&#8220;15px|15px|15px|15px|false|false&#8220; custom_padding_phone=&#8220;15px|15px|15px|15px|false|false&#8220; custom_padding_last_edited=&#8220;on|desktop&#8220; box_shadow_style=&#8220;preset1&#8243; box_shadow_color=&#8220;#E4CA90&#8243; global_colors_info=&#8220;{}&#8220;]<\/p>\n<p>Wir alle kennen es, in Stresssituationen bei\u00dfen wir die Z\u00e4hne zusammen. Die dadurch entstehende Anspannung in der Kiefermuskulatur und der emotionale Stress k\u00f6nnen sich noch \u00fcber Jahre hinweg im Kiefergelenk festsetzen und zu chronischen Verspannungen der Kiefermuskulatur f\u00fchren &#8211; mit Auswirkungen auf den gesamten K\u00f6rper, wie beispielsweise die Beeintr\u00e4chtigung des Bewegungsapparates, des Verdauungstrakts und des Nervensystems.<span class=\"Apple-converted-space\">\u00a0<\/span><\/p>\n<p>[\/et_pb_text][\/et_pb_column][\/et_pb_row][et_pb_row _builder_version=&#8220;4.27.0&#8243; _module_preset=&#8220;default&#8220; custom_margin=&#8220;70px|auto||auto||&#8220; custom_margin_tablet=&#8220;20px||||false|false&#8220; custom_margin_phone=&#8220;20px||||false|false&#8220; custom_margin_last_edited=&#8220;on|phone&#8220; global_colors_info=&#8220;{}&#8220;][et_pb_column type=&#8220;4_4&#8243; _builder_version=&#8220;4.26.0&#8243; _module_preset=&#8220;default&#8220; global_colors_info=&#8220;{}&#8220;][et_pb_text _builder_version=&#8220;4.26.0&#8243; _module_preset=&#8220;786be028-8a97-4ca4-b758-fa0143ced89f&#8220; header_3_text_align=&#8220;center&#8220; header_3_text_color=&#8220;#FFFFFF&#8220; header_4_text_align=&#8220;center&#8220; width=&#8220;100%&#8220; max_width=&#8220;100%&#8220; custom_margin=&#8220;||||false|false&#8220; custom_padding=&#8220;||||false|false&#8220; global_colors_info=&#8220;{}&#8220; width__hover_enabled=&#8220;on|desktop&#8220; width__hover=&#8220;80%&#8220;]<\/p>\n<h4>Rafferty Energy System of Easing the Temporomandibular Joint<\/h4>\n<h4>Rafferty Energie System\u00a0zur\u00a0Entlastung\u00a0des\u00a0Kiefergelenks<\/h4>\n<p>[\/et_pb_text][\/et_pb_column][\/et_pb_row][et_pb_row _builder_version=&#8220;4.27.0&#8243; _module_preset=&#8220;default&#8220; custom_margin=&#8220;55px|auto||auto||&#8220; custom_margin_tablet=&#8220;0px||||false|false&#8220; custom_margin_phone=&#8220;0px||||false|false&#8220; custom_margin_last_edited=&#8220;on|phone&#8220; custom_padding=&#8220;25px||46px|||&#8220; global_colors_info=&#8220;{}&#8220;][et_pb_column type=&#8220;4_4&#8243; _builder_version=&#8220;4.24.3&#8243; _module_preset=&#8220;default&#8220; global_colors_info=&#8220;{}&#8220;][et_pb_text _builder_version=&#8220;4.26.0&#8243; _module_preset=&#8220;786be028-8a97-4ca4-b758-fa0143ced89f&#8220; max_width=&#8220;100%&#8220; global_colors_info=&#8220;{}&#8220;]<\/p>\n<p>Bei der R.E.S.E.T.\u00ae-Behandlung entspannen sich die Muskeln durch den Energiefluss sanfter Ber\u00fchrungen im Kopf- und Nackenbereich. Das Kiefergelenk wird ausbalanciert und kann in sein nat\u00fcrliches Gleichgewicht und zu seiner normalen Funktion zur\u00fcckfinden. Auch das L\u00f6sen emotionaler Blockaden und tiefer Verspannungen wird unterst\u00fctzt und wirkt sich so positiv auf den ganzen K\u00f6rper und den Stoffwechsel aus. Es hei\u00dft, dass 90% aller Muskeln im K\u00f6rper \u00fcber das Kiefergelenk entspannt werden k\u00f6nnen. Somit ist die Behandlung auch ohne akute Beschwerden eine Wohltat f\u00fcr deinen K\u00f6rper.<span class=\"Apple-converted-space\">\u00a0<\/span><\/p>\n<p>Die Methode kann bei Z\u00e4hneknirschen, Kaubeschwerden, Kiefergelenkschmerzen, \u00a0Verspannungen im Schulter-, R\u00fccken, \u00a0 \u00a0 \u00a0 \u00a0Nackenbereich, Tinnitus, Ohrendruck, Kopfschmerzen und Migr\u00e4ne helfen<\/p>\n<p>\u00dcbrigens, probiere doch einmal in einer Stresssituation ganz bewusst deinen Kiefer zu entspannen\u2026. Wie das gehen soll? Ganz einfach, l\u00e4chle! Du wirst merken, dass vieles leichter wird und dein Kiefergelenk freut sich auch dar\u00fcber.<\/p>\n<p>[\/et_pb_text][\/et_pb_column][\/et_pb_row][\/et_pb_section]<\/p>\n","protected":false},"excerpt":{"rendered":"<p>R.E.S.E.T.-KIEFERBALANCER.E.S.E.T.\u00ae Kiefergelenkbalance wurde von Philip Rafferty, einem australischen Kinesiologen, entwickelt und ist eine sehr sanfte Methode, um die Kiefermuskeln zu entspannen und das Kiefergelenk auszugleichen.Balancierter Kiefer &#8211; Balancierter K\u00f6rperDas Kiefergelenk hat einen starken Einfluss auf unseren gesamten K\u00f6rper. Das Kiefergelenk ist \u00fcber die Sch\u00e4delknochen und die harte Hirnhaut mit dem gesamten Wirbelkanal verbunden und beeinflusst [&hellip;]<\/p>\n","protected":false},"author":1,"featured_media":0,"parent":0,"menu_order":0,"comment_status":"closed","ping_status":"closed","template":"","meta":{"_et_pb_use_builder":"on","_et_pb_old_content":"","_et_gb_content_width":"","footnotes":""},"class_list":["post-411","page","type-page","status-publish","hentry"],"_links":{"self":[{"href":"https:\/\/smile-relax-heal.com\/index.php?rest_route=\/wp\/v2\/pages\/411","targetHints":{"allow":["GET"]}}],"collection":[{"href":"https:\/\/smile-relax-heal.com\/index.php?rest_route=\/wp\/v2\/pages"}],"about":[{"href":"https:\/\/smile-relax-heal.com\/index.php?rest_route=\/wp\/v2\/types\/page"}],"author":[{"embeddable":true,"href":"https:\/\/smile-relax-heal.com\/index.php?rest_route=\/wp\/v2\/users\/1"}],"replies":[{"embeddable":true,"href":"https:\/\/smile-relax-heal.com\/index.php?rest_route=%2Fwp%2Fv2%2Fcomments&post=411"}],"version-history":[{"count":3,"href":"https:\/\/smile-relax-heal.com\/index.php?rest_route=\/wp\/v2\/pages\/411\/revisions"}],"predecessor-version":[{"id":2128,"href":"https:\/\/smile-relax-heal.com\/index.php?rest_route=\/wp\/v2\/pages\/411\/revisions\/2128"}],"wp:attachment":[{"href":"https:\/\/smile-relax-heal.com\/index.php?rest_route=%2Fwp%2Fv2%2Fmedia&parent=411"}],"curies":[{"name":"wp","href":"https:\/\/api.w.org\/{rel}","templated":true}]}}