{"id":475,"date":"2024-04-03T08:19:56","date_gmt":"2024-04-03T06:19:56","guid":{"rendered":"https:\/\/smile-relax-heal.com\/?page_id=475"},"modified":"2025-02-12T05:14:46","modified_gmt":"2025-02-12T04:14:46","slug":"chakra-balance","status":"publish","type":"page","link":"https:\/\/smile-relax-heal.com\/?page_id=475","title":{"rendered":"Chakra-Balance"},"content":{"rendered":"<p>[et_pb_section fb_built=&#8220;1&#8243; admin_label=&#8220;Header&#8220; _builder_version=&#8220;4.27.0&#8243; use_background_color_gradient=&#8220;on&#8220; background_color_gradient_stops=&#8220;rgba(0,0,0,0.22) 51%|rgba(0,0,0,0.44) 100%&#8220; background_color_gradient_overlays_image=&#8220;on&#8220; background_color_gradient_start=&#8220;rgba(0,0,0,0.3)&#8220; background_color_gradient_end=&#8220;rgba(0,0,0,0.73)&#8220; background_image=&#8220;https:\/\/smile-relax-heal.com\/wp-content\/uploads\/2024\/04\/DSC06402.jpeg&#8220; min_height=&#8220;500px&#8220; min_height_tablet=&#8220;300px&#8220; min_height_phone=&#8220;200px&#8220; min_height_last_edited=&#8220;on|phone&#8220; height=&#8220;500px&#8220; height_tablet=&#8220;300px&#8220; height_phone=&#8220;200px&#8220; height_last_edited=&#8220;on|tablet&#8220; max_height=&#8220;500px&#8220; max_height_tablet=&#8220;300px&#8220; max_height_phone=&#8220;200px&#8220; max_height_last_edited=&#8220;on|tablet&#8220; custom_margin_tablet=&#8220;&#8220; custom_margin_phone=&#8220;&#8220; custom_margin_last_edited=&#8220;on|desktop&#8220; locked=&#8220;off&#8220; global_colors_info=&#8220;{}&#8220;][et_pb_row _builder_version=&#8220;4.27.0&#8243; custom_margin=&#8220;116px|auto||auto|false|false&#8220; custom_margin_tablet=&#8220;40px||||false|false&#8220; custom_margin_phone=&#8220;75px||||false|false&#8220; custom_margin_last_edited=&#8220;on|phone&#8220; custom_padding=&#8220;||||false|false&#8220; global_colors_info=&#8220;{}&#8220;][et_pb_column type=&#8220;4_4&#8243; _builder_version=&#8220;4.16&#8243; global_colors_info=&#8220;{}&#8220;][et_pb_text _builder_version=&#8220;4.25.1&#8243; _module_preset=&#8220;786be028-8a97-4ca4-b758-fa0143ced89f&#8220; width=&#8220;60%&#8220; max_width=&#8220;60%&#8220; custom_margin=&#8220;-1px|||0px|false|false&#8220; global_colors_info=&#8220;{}&#8220;]<\/p>\n<h1>CHAKRA BALANCE<\/h1>\n<p>[\/et_pb_text][\/et_pb_column][\/et_pb_row][\/et_pb_section][et_pb_section fb_built=&#8220;1&#8243; admin_label=&#8220;Details&#8220; _builder_version=&#8220;4.16&#8243; custom_padding=&#8220;||3px|||&#8220; global_colors_info=&#8220;{}&#8220;][et_pb_row column_structure=&#8220;3_5,2_5&#8243; custom_padding_last_edited=&#8220;on|desktop&#8220; _builder_version=&#8220;4.27.0&#8243; custom_margin=&#8220;40px|auto|55px|auto||&#8220; custom_margin_tablet=&#8220;0px||60px||false|false&#8220; custom_margin_phone=&#8220;-30px||50px||false|false&#8220; custom_margin_last_edited=&#8220;on|phone&#8220; custom_padding=&#8220;||24px|||&#8220; custom_padding_tablet=&#8220;||0px||false|false&#8220; custom_padding_phone=&#8220;||0px||false|false&#8220; global_colors_info=&#8220;{}&#8220;][et_pb_column type=&#8220;3_5&#8243; _builder_version=&#8220;4.26.0&#8243; global_colors_info=&#8220;{}&#8220;][et_pb_text _builder_version=&#8220;4.26.0&#8243; _module_preset=&#8220;786be028-8a97-4ca4-b758-fa0143ced89f&#8220; global_colors_info=&#8220;{}&#8220;]<\/p>\n<p>Auch die Chakra-Therapie zielt darauf ab, den Energiefluss in Balance zu bringen und zu halten. Hierzu widmen wir uns den Chakren, den Energiezentren in unserem K\u00f6rper, die als Verbindungsstelle zwischen der k\u00f6rperlichen und energetischen Ebene dienen. Jedes Chakra versorgt einen bestimmten Bereich des K\u00f6rpers mit Energie und spiegelt verschiedene psychische und physische Themen wieder. Wenn einzelne dieser Energiezentren blockiert oder verschlossen sind, somit unharmonisch schwingen, hat das einen Einfluss auf unser gesamtes Energiesystem, das kann sich durch einen Energiemangel der Organe und in weiterer Folge schlie\u00dflich durch Krankheit im K\u00f6rper ausdr\u00fccken.<span class=\"Apple-converted-space\">\u00a0<\/span><\/p>\n<p>Das Ausbalancieren des Chakrensystems wirkt sowohl auf der k\u00f6rperlichen, als auch auf der psychischen Ebene, f\u00fchrt zu inneren Harmonie und aktiviert die Selbstheilungskr\u00e4fte.<span class=\"Apple-converted-space\">\u00a0<\/span><\/p>\n<p>[\/et_pb_text][\/et_pb_column][et_pb_column type=&#8220;2_5&#8243; _builder_version=&#8220;4.16&#8243; global_colors_info=&#8220;{}&#8220;][et_pb_blurb title=&#8220;Energiefluss optimieren&#8220; use_icon=&#8220;on&#8220; font_icon=&#8220;&#x4e;||divi||400&#8243; icon_color=&#8220;#E4CA90&#8243; icon_placement=&#8220;left&#8220; image_icon_width=&#8220;24px&#8220; content_max_width=&#8220;100%&#8220; _builder_version=&#8220;4.26.0&#8243; header_font=&#8220;Poiret One|800|||||||&#8220; header_text_color=&#8220;#E4CA90&#8243; header_font_size=&#8220;23px&#8220; header_letter_spacing=&#8220;3px&#8220; header_line_height=&#8220;1.4em&#8220; custom_margin=&#8220;||10px||false|false&#8220; animation=&#8220;off&#8220; header_font_size_tablet=&#8220;20px&#8220; header_font_size_phone=&#8220;18px&#8220; header_font_size_last_edited=&#8220;on|tablet&#8220; icon_font_size=&#8220;24px&#8220; locked=&#8220;off&#8220; global_colors_info=&#8220;{}&#8220;][\/et_pb_blurb][et_pb_blurb title=&#8220;volles Potenzial nutzen&#8220; use_icon=&#8220;on&#8220; font_icon=&#8220;&#x4e;||divi||400&#8243; icon_color=&#8220;#E4CA90&#8243; icon_placement=&#8220;left&#8220; image_icon_width=&#8220;24px&#8220; content_max_width=&#8220;100%&#8220; _builder_version=&#8220;4.26.0&#8243; header_font=&#8220;|700|||||||&#8220; header_text_color=&#8220;#E4CA90&#8243; header_font_size=&#8220;23px&#8220; header_letter_spacing=&#8220;3px&#8220; header_line_height=&#8220;1.4em&#8220; custom_margin=&#8220;||10px||false|false&#8220; animation=&#8220;off&#8220; header_font_size_tablet=&#8220;20px&#8220; header_font_size_phone=&#8220;18px&#8220; header_font_size_last_edited=&#8220;on|tablet&#8220; icon_font_size=&#8220;24px&#8220; locked=&#8220;off&#8220; global_colors_info=&#8220;{}&#8220;][\/et_pb_blurb][et_pb_blurb title=&#8220;Selbstheilungskr\u00e4fte aktivieren&#8220; use_icon=&#8220;on&#8220; font_icon=&#8220;&#x4e;||divi||400&#8243; icon_color=&#8220;#E4CA90&#8243; icon_placement=&#8220;left&#8220; image_icon_width=&#8220;24px&#8220; content_max_width=&#8220;100%&#8220; _builder_version=&#8220;4.26.0&#8243; header_font=&#8220;|700|||||||&#8220; header_text_color=&#8220;#E4CA90&#8243; header_font_size=&#8220;23px&#8220; header_letter_spacing=&#8220;3px&#8220; header_line_height=&#8220;1.4em&#8220; custom_margin=&#8220;||10px||false|false&#8220; animation=&#8220;off&#8220; header_font_size_tablet=&#8220;20px&#8220; header_font_size_phone=&#8220;18px&#8220; header_font_size_last_edited=&#8220;on|tablet&#8220; icon_font_size=&#8220;24px&#8220; locked=&#8220;off&#8220; global_colors_info=&#8220;{}&#8220;][\/et_pb_blurb][et_pb_blurb title=&#8220;innere Harmonie f\u00f6rdern&#8220; use_icon=&#8220;on&#8220; font_icon=&#8220;&#x4e;||divi||400&#8243; icon_color=&#8220;#E4CA90&#8243; icon_placement=&#8220;left&#8220; image_icon_width=&#8220;24px&#8220; content_max_width=&#8220;100%&#8220; _builder_version=&#8220;4.26.0&#8243; header_font=&#8220;|800|||||||&#8220; header_text_color=&#8220;#E4CA90&#8243; header_font_size=&#8220;22px&#8220; header_line_height=&#8220;1.4em&#8220; custom_margin=&#8220;||10px||false|false&#8220; animation=&#8220;off&#8220; header_font_size_tablet=&#8220;20px&#8220; header_font_size_phone=&#8220;18px&#8220; header_font_size_last_edited=&#8220;on|tablet&#8220; icon_font_size=&#8220;24px&#8220; locked=&#8220;off&#8220; global_colors_info=&#8220;{}&#8220;][\/et_pb_blurb][\/et_pb_column][\/et_pb_row][et_pb_row column_structure=&#8220;1_3,2_3&#8243; use_custom_gutter=&#8220;on&#8220; gutter_width=&#8220;2&#8243; custom_padding_last_edited=&#8220;on|desktop&#8220; _builder_version=&#8220;4.27.0&#8243; module_alignment=&#8220;center&#8220; custom_margin=&#8220;0px||||false|false&#8220; custom_margin_tablet=&#8220;|||0px|false|false&#8220; custom_margin_phone=&#8220;|||0px|false|false&#8220; custom_margin_last_edited=&#8220;on|phone&#8220; custom_padding=&#8220;25px||||false|false&#8220; custom_padding_tablet=&#8220;25px||||false|false&#8220; custom_padding_phone=&#8220;0px|0px||0px|false|false&#8220; module_alignment_tablet=&#8220;center&#8220; module_alignment_phone=&#8220;center&#8220; module_alignment_last_edited=&#8220;on|tablet&#8220; box_shadow_style=&#8220;preset1&#8243; box_shadow_color=&#8220;#E4CA90&#8243; global_colors_info=&#8220;{}&#8220;][et_pb_column type=&#8220;1_3&#8243; _builder_version=&#8220;4.25.2&#8243; _module_preset=&#8220;fd73ca56-84a4-4da5-873d-123eefb6a31d&#8220; global_colors_info=&#8220;{}&#8220;][et_pb_text _builder_version=&#8220;4.27.0&#8243; _module_preset=&#8220;786be028-8a97-4ca4-b758-fa0143ced89f&#8220; header_3_font_size=&#8220;30px&#8220; custom_margin=&#8220;15px|||15px|false|false&#8220; custom_margin_tablet=&#8220;15px|||15px|false|false&#8220; custom_margin_phone=&#8220;15px|||0px|false|false&#8220; custom_margin_last_edited=&#8220;on|phone&#8220; custom_padding=&#8220;|||10px|false|false&#8220; global_colors_info=&#8220;{}&#8220;]<\/p>\n<h3>Wie funktioniert unser Energiesystem?<\/h3>\n<p>[\/et_pb_text][\/et_pb_column][et_pb_column type=&#8220;2_3&#8243; _builder_version=&#8220;4.25.2&#8243; border_color_all=&#8220;#E4CA90&#8243; global_colors_info=&#8220;{}&#8220;][et_pb_text _builder_version=&#8220;4.27.0&#8243; _module_preset=&#8220;786be028-8a97-4ca4-b758-fa0143ced89f&#8220; custom_margin=&#8220;15px|15px|15px|15px|false|false&#8220; custom_margin_tablet=&#8220;15px|15px|15px|15px|false|false&#8220; custom_margin_phone=&#8220;-5px|0px|0px|0px|false|false&#8220; custom_margin_last_edited=&#8220;on|phone&#8220; custom_padding=&#8220;|5px||10px|false|false&#8220; global_colors_info=&#8220;{}&#8220;]<\/p>\n<p>Unser gesamter menschlicher K\u00f6rper ist ein Feld, das aus verschiedenen Schichten unterschiedlich schwingender Energie aufgebaut ist. Es ist ein Energiesystem, das sich aus drei grundlegenden Komponenten zusammensetzt<span class=\"Apple-converted-space\"> <\/span><\/p>\n<p><span style=\"font-size: 17px;\">&#8211; Unsere feinstofflichen K\u00f6rper, auch Energiek\u00f6rper oder Lichtk\u00f6rper genannt. Wir sprechen hier h\u00e4ufig von der Aura oder auch ganz allgemein von Ausstrahlung. Das Wort Aura kommt aus dem Griechischen und bedeutet Licht, Hauch; also ein Lichtschimmer, der den physischen Leib umgibt, eine feinstoffliche Schwingung beziehungsweise Energieh\u00fclle.<\/span><\/p>\n<p>&#8211; Unsere Chakren oder auch Energiezentren oder Energieknotenpunkte. Wir k\u00f6nnen sie uns als Energiewirbel in der Aura, unserem Energiefeld vorstellen,<span class=\"Apple-converted-space\">\u00a0 <\/span>die dem Austausch von Lebensenergie und Informationen dienen. Das Wort Chakra kommt aus dem Sanskrit und bedeutet Rad, die Chakren befinden sich n\u00e4mlich in einer st\u00e4ndig kreisenden Bewegung.<\/p>\n<p>&#8211; Unsere Energiekan\u00e4le, wir nennen sie auch Meridiane oder Nadis (= R\u00f6hre, Kanal). Es handelt sich um Energieleitbahnen, die Lebensenergie durch unseren K\u00f6rper leiten und mit den zugeordneten Organen, verschiedenen Gelenken und Wirbeln korrespondieren.<span class=\"Apple-converted-space\">\u00a0<\/span><\/p>\n<p>[\/et_pb_text][\/et_pb_column][\/et_pb_row][et_pb_row _builder_version=&#8220;4.27.0&#8243; _module_preset=&#8220;default&#8220; custom_margin=&#8220;64px|auto|40px|auto|false|false&#8220; custom_margin_tablet=&#8220;||-60px||false|false&#8220; custom_margin_phone=&#8220;25px||-75px||false|false&#8220; custom_margin_last_edited=&#8220;on|phone&#8220; global_colors_info=&#8220;{}&#8220;][et_pb_column type=&#8220;4_4&#8243; _builder_version=&#8220;4.27.0&#8243; _module_preset=&#8220;default&#8220; global_colors_info=&#8220;{}&#8220;][et_pb_text _builder_version=&#8220;4.26.0&#8243; _module_preset=&#8220;786be028-8a97-4ca4-b758-fa0143ced89f&#8220; header_3_line_height=&#8220;1.5em&#8220; width=&#8220;100%&#8220; global_colors_info=&#8220;{}&#8220;]<\/p>\n<h3>Alles h\u00e4ngt zusammen<\/h3>\n<p>Jeder der feinstofflichen Energiek\u00f6rper erm\u00f6glicht dem Bewusstsein bestimmte Erfahrungen und korrespondiert besonders stark mit einem Hauptchakra, durch welches die Energien, also Informationen aus diesen Schwingungsbereichen in den physischen K\u00f6rper und das Bewusstsein integriert werden k\u00f6nnen. Alle Chakren sind \u00fcber eine Energielinie an der Wirbels\u00e4ule, die Hauptkraftlinie, auch Sushumna genannt, miteinander verbunden und verteilen so die Energie \u00fcber die Meridiane im gesamten Organismus. Transformierte Energie wird wieder \u00fcber die Chakren nach au\u00dfen abgegeben. So stehen wir \u00fcber unser Energiesystem in einem stetigen Austausch.<span class=\"Apple-converted-space\">\u00a0<\/span><\/p>\n<p>Wir sprechen meist von Sieben Chakren, die als Hauptenergiezentren bezeichnet werden.<span class=\"Apple-converted-space\">\u00a0<\/span><\/p>\n<p>In der \u00f6stlichen Tradition, werden sie als Lostusblumen dargestellt, da sie trichterf\u00f6rmigen Bl\u00fctenkelchen \u00e4hneln, mit einer unterschiedlichen Anzahl von Bl\u00fctenbl\u00e4ttern. Die einzelnen Bl\u00e4tter stellen die Nadis beziehungsweise Meridiane dar, durch die Energien in die Chakren hinein flie\u00dfen und von dort in die feinstofflichen Energiek\u00f6rper weitergeleitet werden. Ihre Anzahl reicht von vier solcher Kan\u00e4le im Wurzel-Zentrum bis zu nahezu tausend Energiekan\u00e4len im Scheitel-Zentrum.<\/p>\n<p>[\/et_pb_text][\/et_pb_column][\/et_pb_row][\/et_pb_section][et_pb_section fb_built=&#8220;1&#8243; _builder_version=&#8220;4.27.0&#8243; _module_preset=&#8220;default&#8220; background_image=&#8220;https:\/\/smile-relax-heal.com\/wp-content\/uploads\/2024\/04\/Chakras-alle.png&#8220; background_size=&#8220;contain&#8220; width_tablet=&#8220;100%&#8220; width_phone=&#8220;100%&#8220; width_last_edited=&#8220;on|tablet&#8220; min_height=&#8220;300px&#8220; min_height_tablet=&#8220;300px&#8220; min_height_phone=&#8220;250px&#8220; min_height_last_edited=&#8220;on|phone&#8220; height=&#8220;300px&#8220; height_tablet=&#8220;300px&#8220; height_phone=&#8220;250px&#8220; height_last_edited=&#8220;on|desktop&#8220; max_height=&#8220;250px&#8220; custom_margin=&#8220;||||false|false&#8220; custom_padding=&#8220;||||false|false&#8220; background_last_edited=&#8220;on|desktop&#8220; global_colors_info=&#8220;{}&#8220;][\/et_pb_section][et_pb_section fb_built=&#8220;1&#8243; custom_padding_last_edited=&#8220;on|phone&#8220; _builder_version=&#8220;4.27.0&#8243; _module_preset=&#8220;default&#8220; custom_margin=&#8220;50px||2px||false|false&#8220; custom_margin_tablet=&#8220;-60px||2px||false|false&#8220; custom_margin_phone=&#8220;-60px||0px||false|false&#8220; custom_margin_last_edited=&#8220;on|phone&#8220; custom_padding=&#8220;0px||68px||false|false&#8220; custom_padding_tablet=&#8220;0px||68px||false|false&#8220; custom_padding_phone=&#8220;||20px||false|false&#8220; global_colors_info=&#8220;{}&#8220;][et_pb_row column_structure=&#8220;3_4,1_4&#8243; use_custom_gutter=&#8220;on&#8220; gutter_width=&#8220;2&#8243; _builder_version=&#8220;4.25.0&#8243; _module_preset=&#8220;default&#8220; custom_margin=&#8220;-4px|auto|28px|auto||&#8220; custom_padding=&#8220;46px|||||&#8220; global_colors_info=&#8220;{}&#8220;][et_pb_column type=&#8220;3_4&#8243; _builder_version=&#8220;4.25.0&#8243; _module_preset=&#8220;default&#8220; global_colors_info=&#8220;{}&#8220;][et_pb_text _builder_version=&#8220;4.26.0&#8243; _module_preset=&#8220;786be028-8a97-4ca4-b758-fa0143ced89f&#8220; global_colors_info=&#8220;{}&#8220;]<\/p>\n<p>Wir besch\u00e4ftigen uns mit jedem einzelnen Chakra, schauen uns deine dazugeh\u00f6rigen Themen an, harmonisieren Blockaden und bringen so alle Chakren in Balance. Dazu verwenden wir verschiedene auf dich abgestimmte Methoden, wie Meditation, Klangschalen, Mantras, Heilsteine, Farben, Aromen, Affirmationen und nat\u00fcrlich auch Reiki.<span class=\"Apple-converted-space\">\u00a0<\/span><\/p>\n<p>Die Chakra-Balance kann in einem zweit\u00e4gigen Workshop stattfinden, oder in 4 aufeinanderfolgenden 2 st\u00fcndigen Sitzungen.<span class=\"Apple-converted-space\">\u00a0<\/span><\/p>\n<p>Ganz privat oder in kleinen Gruppen, so wie es f\u00fcr dich passt, und immer in einem vertrauensvollen, pers\u00f6nlichen Rahmen.<span class=\"Apple-converted-space\">\u00a0<\/span><\/p>\n<p>Alles Gelernte kannst du danach ganz nach deinen Bed\u00fcrfnissen auch zu Hause anwenden. Ein Seminarskript stelle ich dir zur Verf\u00fcgung.<span class=\"Apple-converted-space\">\u00a0<\/span><\/p>\n<p>[\/et_pb_text][\/et_pb_column][et_pb_column type=&#8220;1_4&#8243; _builder_version=&#8220;4.25.0&#8243; _module_preset=&#8220;default&#8220; global_colors_info=&#8220;{}&#8220;][et_pb_text _builder_version=&#8220;4.26.0&#8243; _module_preset=&#8220;786be028-8a97-4ca4-b758-fa0143ced89f&#8220; header_3_text_align=&#8220;justify&#8220; header_6_text_align=&#8220;justify&#8220; background_enable_color=&#8220;off&#8220; custom_margin=&#8220;10px||10px||true|false&#8220; custom_padding=&#8220;10px|10px|10px|10px|true|true&#8220; box_shadow_style=&#8220;preset1&#8243; box_shadow_color=&#8220;#E4CA90&#8243; global_colors_info=&#8220;{}&#8220;]<\/p>\n<h6>Wusstest du&#8230;<\/h6>\n<h6><\/h6>\n<h6>&#8230; dass es in der Traditionellen Chinesischen Medizin hei\u00dft, die Aura sei zuerst da, wir werden hineingeboren und sie ist immer ganz.<\/h6>\n<h6><\/h6>\n<h6>&#8230; dass alles ein Chakren System hat, auch unsere Erde.<\/h6>\n<p>[\/et_pb_text][\/et_pb_column][\/et_pb_row][\/et_pb_section]<\/p>\n","protected":false},"excerpt":{"rendered":"<p>CHAKRA BALANCEAuch die Chakra-Therapie zielt darauf ab, den Energiefluss in Balance zu bringen und zu halten. Hierzu widmen wir uns den Chakren, den Energiezentren in unserem K\u00f6rper, die als Verbindungsstelle zwischen der k\u00f6rperlichen und energetischen Ebene dienen. Jedes Chakra versorgt einen bestimmten Bereich des K\u00f6rpers mit Energie und spiegelt verschiedene psychische und physische Themen wieder. [&hellip;]<\/p>\n","protected":false},"author":1,"featured_media":0,"parent":0,"menu_order":0,"comment_status":"closed","ping_status":"closed","template":"","meta":{"_et_pb_use_builder":"on","_et_pb_old_content":"","_et_gb_content_width":"","footnotes":""},"class_list":["post-475","page","type-page","status-publish","hentry"],"_links":{"self":[{"href":"https:\/\/smile-relax-heal.com\/index.php?rest_route=\/wp\/v2\/pages\/475","targetHints":{"allow":["GET"]}}],"collection":[{"href":"https:\/\/smile-relax-heal.com\/index.php?rest_route=\/wp\/v2\/pages"}],"about":[{"href":"https:\/\/smile-relax-heal.com\/index.php?rest_route=\/wp\/v2\/types\/page"}],"author":[{"embeddable":true,"href":"https:\/\/smile-relax-heal.com\/index.php?rest_route=\/wp\/v2\/users\/1"}],"replies":[{"embeddable":true,"href":"https:\/\/smile-relax-heal.com\/index.php?rest_route=%2Fwp%2Fv2%2Fcomments&post=475"}],"version-history":[{"count":1,"href":"https:\/\/smile-relax-heal.com\/index.php?rest_route=\/wp\/v2\/pages\/475\/revisions"}],"predecessor-version":[{"id":2135,"href":"https:\/\/smile-relax-heal.com\/index.php?rest_route=\/wp\/v2\/pages\/475\/revisions\/2135"}],"wp:attachment":[{"href":"https:\/\/smile-relax-heal.com\/index.php?rest_route=%2Fwp%2Fv2%2Fmedia&parent=475"}],"curies":[{"name":"wp","href":"https:\/\/api.w.org\/{rel}","templated":true}]}}