{"id":77,"date":"2024-03-18T07:31:31","date_gmt":"2024-03-18T06:31:31","guid":{"rendered":"https:\/\/smile-relax-heal.com\/?page_id=77"},"modified":"2025-02-11T09:03:18","modified_gmt":"2025-02-11T08:03:18","slug":"reiki","status":"publish","type":"page","link":"https:\/\/smile-relax-heal.com\/?page_id=77","title":{"rendered":"Reiki"},"content":{"rendered":"<p>[et_pb_section fb_built=&#8220;1&#8243; admin_label=&#8220;Header&#8220; _builder_version=&#8220;4.26.0&#8243; _module_preset=&#8220;1452fe63-4695-462f-8e52-1701eee895ca&#8220; use_background_color_gradient=&#8220;off&#8220; min_height_tablet=&#8220;&#8220; min_height_phone=&#8220;&#8220; min_height_last_edited=&#8220;on|phone&#8220; locked=&#8220;off&#8220; global_colors_info=&#8220;{}&#8220;][et_pb_row custom_padding_last_edited=&#8220;on|phone&#8220; _builder_version=&#8220;4.26.0&#8243; _module_preset=&#8220;a4b23b1a-ccfc-4061-a1c2-ccb9f1882f3c&#8220; width=&#8220;100%&#8220; custom_margin_tablet=&#8220;&#8220; custom_margin_phone=&#8220;&#8220; custom_margin_last_edited=&#8220;on|tablet&#8220; custom_padding=&#8220;190px|||||&#8220; custom_padding_tablet=&#8220;80px||||false|false&#8220; custom_padding_phone=&#8220;30px||||false|false&#8220; global_colors_info=&#8220;{}&#8220;][et_pb_column type=&#8220;4_4&#8243; _builder_version=&#8220;4.16&#8243; global_colors_info=&#8220;{}&#8220;][et_pb_text _builder_version=&#8220;4.26.0&#8243; _module_preset=&#8220;786be028-8a97-4ca4-b758-fa0143ced89f&#8220; custom_margin=&#8220;17px||3px||false|false&#8220; inline_fonts=&#8220;Ubuntu,Quicksand,Poiret One&#8220; global_colors_info=&#8220;{}&#8220;]<\/p>\n<h1 style=\"text-align: center;\"><\/h1>\n<h1><strong><span style=\"font-family: 'Poiret One';\">REIKI<\/span><\/strong><\/h1>\n<p>[\/et_pb_text][\/et_pb_column][\/et_pb_row][\/et_pb_section][et_pb_section fb_built=&#8220;1&#8243; admin_label=&#8220;Details&#8220; _builder_version=&#8220;4.26.0&#8243; custom_margin=&#8220;||28px|||&#8220; custom_margin_tablet=&#8220;||0px||false|false&#8220; custom_margin_phone=&#8220;||0px||false|false&#8220; custom_margin_last_edited=&#8220;on|phone&#8220; global_colors_info=&#8220;{}&#8220;][et_pb_row column_structure=&#8220;1_4,3_4&#8243; custom_padding_last_edited=&#8220;on|desktop&#8220; _builder_version=&#8220;4.27.4&#8243; custom_margin=&#8220;40px|auto|23px|auto||&#8220; custom_margin_tablet=&#8220;0px||0px||false|false&#8220; custom_margin_phone=&#8220;-45px||||false|false&#8220; custom_margin_last_edited=&#8220;on|phone&#8220; custom_padding=&#8220;||3px|||&#8220; custom_padding_tablet=&#8220;||0px||false|false&#8220; custom_padding_phone=&#8220;||0px||false|false&#8220; global_colors_info=&#8220;{}&#8220;][et_pb_column type=&#8220;1_4&#8243; _builder_version=&#8220;4.26.0&#8243; global_colors_info=&#8220;{}&#8220;][et_pb_image src=&#8220;https:\/\/smile-relax-heal.com\/wp-content\/uploads\/2024\/03\/Reiki-Schriftzeichen.png&#8220; title_text=&#8220;Reiki Schriftzeichen&#8220; align_tablet=&#8220;center&#8220; align_phone=&#8220;center&#8220; align_last_edited=&#8220;on|phone&#8220; _builder_version=&#8220;4.26.0&#8243; _module_preset=&#8220;default&#8220; width=&#8220;100%&#8220; width_tablet=&#8220;100%&#8220; width_phone=&#8220;100%&#8220; width_last_edited=&#8220;on|phone&#8220; module_alignment=&#8220;left&#8220; min_height=&#8220;100px&#8220; min_height_tablet=&#8220;150px&#8220; min_height_phone=&#8220;100px&#8220; min_height_last_edited=&#8220;on|phone&#8220; height=&#8220;300px&#8220; height_tablet=&#8220;150px&#8220; height_phone=&#8220;100px&#8220; height_last_edited=&#8220;on|phone&#8220; max_height=&#8220;300px&#8220; max_height_tablet=&#8220;150px&#8220; max_height_phone=&#8220;100px&#8220; max_height_last_edited=&#8220;on|phone&#8220; custom_margin=&#8220;|||-1px||&#8220; custom_padding=&#8220;|21px|0px|1px||&#8220; global_colors_info=&#8220;{}&#8220;][\/et_pb_image][\/et_pb_column][et_pb_column type=&#8220;3_4&#8243; _builder_version=&#8220;4.16&#8243; global_colors_info=&#8220;{}&#8220;][et_pb_text _builder_version=&#8220;4.27.4&#8243; _module_preset=&#8220;786be028-8a97-4ca4-b758-fa0143ced89f&#8220; text_font_size_tablet=&#8220;&#8220; text_font_size_phone=&#8220;&#8220; text_font_size_last_edited=&#8220;on|phone&#8220; global_colors_info=&#8220;{}&#8220;]<\/p>\n<p>&nbsp;<\/p>\n<p>Reiki ist die allumfassende Energie, die \u00fcberall, in allem und immer vorhanden ist. Sie ist die Grundlage, die Essenz, der Ursprung allen Lebens, die Ur-Energie oder auch \u201cg\u00f6ttliche Urkraft\u201d. Reiki durchdringt alle Ebenen und bringt diese ins Gleichgewicht.<\/p>\n<p>Reiki ist eine sehr alte Heilmethode, die bereits vor \u00fcber 2500 Jahren in Sanskrit-Sutras erw\u00e4hnt wurde. Und auch F\u00fcnfzehntausendjahre alte H\u00f6hlenmalereien sollen bereits Fragmente dieser Technik zeigen. Der tats\u00e4chliche Ursprung ist jedoch unbekannt. \u00dcberlieferungen zufolge haben aber schon Buddha und Jesus mit dieser Methode geheilt.<\/p>\n<p>[\/et_pb_text][\/et_pb_column][\/et_pb_row][et_pb_row _builder_version=&#8220;4.26.0&#8243; _module_preset=&#8220;default&#8220; custom_margin=&#8220;|auto|7px|auto||&#8220; custom_padding=&#8220;4px|||||&#8220; global_colors_info=&#8220;{}&#8220;][et_pb_column type=&#8220;4_4&#8243; _builder_version=&#8220;4.26.0&#8243; _module_preset=&#8220;default&#8220; global_colors_info=&#8220;{}&#8220;][et_pb_text _builder_version=&#8220;4.26.1&#8243; _module_preset=&#8220;786be028-8a97-4ca4-b758-fa0143ced89f&#8220; header_line_height=&#8220;1.8em&#8220; header_3_text_align=&#8220;center&#8220; header_3_line_height=&#8220;1.8em&#8220; text_orientation=&#8220;center&#8220; width=&#8220;100%&#8220; width_tablet=&#8220;85%&#8220; width_phone=&#8220;95%&#8220; max_width_tablet=&#8220;85%&#8220; max_width_phone=&#8220;95%&#8220; custom_margin=&#8220;31px|||80px|false|false&#8220; header_3_font_tablet=&#8220;&#8220; header_3_font_phone=&#8220;&#8220; header_3_font_last_edited=&#8220;on|phone&#8220; header_3_font_size_phone=&#8220;17px&#8220; header_3_line_height_tablet=&#8220;1.4em&#8220; header_3_line_height_phone=&#8220;1.2em&#8220; header_3_line_height_last_edited=&#8220;on|tablet&#8220; header_4_font_tablet=&#8220;&#8220; header_4_font_phone=&#8220;&#8220; header_4_font_last_edited=&#8220;on|phone&#8220; global_colors_info=&#8220;{}&#8220;]<\/p>\n<h3>REI &#8211; Geistiges Bewusstsein \u00a0<\/h3>\n<h3>KI &#8211; Lebensenergie<\/h3>\n<h3>= Universelle Lebensenergie<\/h3>\n<p>[\/et_pb_text][\/et_pb_column][\/et_pb_row][et_pb_row column_structure=&#8220;3_4,1_4&#8243; custom_padding_last_edited=&#8220;on|tablet&#8220; _builder_version=&#8220;4.26.0&#8243; _module_preset=&#8220;default&#8220; custom_margin=&#8220;50px|auto|-9px|auto||&#8220; custom_margin_tablet=&#8220;10px||||false|false&#8220; custom_margin_phone=&#8220;0px||||false|false&#8220; custom_margin_last_edited=&#8220;on|phone&#8220; custom_padding=&#8220;2px|49px|8px|||&#8220; custom_padding_tablet=&#8220;0px|49px|8px||false|false&#8220; custom_padding_phone=&#8220;0px|49px|8px||false|false&#8220; global_colors_info=&#8220;{}&#8220;][et_pb_column type=&#8220;3_4&#8243; _builder_version=&#8220;4.26.0&#8243; _module_preset=&#8220;default&#8220; global_colors_info=&#8220;{}&#8220;][et_pb_text _builder_version=&#8220;4.26.0&#8243; _module_preset=&#8220;786be028-8a97-4ca4-b758-fa0143ced89f&#8220; width_tablet=&#8220;107%&#8220; width_phone=&#8220;120%&#8220; max_width_tablet=&#8220;107%&#8220; max_width_phone=&#8220;120%&#8220; custom_margin=&#8220;|0px||0px|false|false&#8220; custom_margin_tablet=&#8220;|0px||0px|false|false&#8220; custom_margin_phone=&#8220;|0px||0px|false|false&#8220; custom_margin_last_edited=&#8220;on|phone&#8220; custom_padding=&#8220;|||10px|false|false&#8220; custom_padding_tablet=&#8220;|||0px|false|false&#8220; custom_padding_phone=&#8220;|0px||0px|false|false&#8220; custom_padding_last_edited=&#8220;on|phone&#8220; text_orientation_tablet=&#8220;justified&#8220; text_orientation_phone=&#8220;justified&#8220; text_orientation_last_edited=&#8220;on|tablet&#8220; module_alignment_tablet=&#8220;center&#8220; module_alignment_phone=&#8220;center&#8220; module_alignment_last_edited=&#8220;on|phone&#8220; global_colors_info=&#8220;{}&#8220;]<\/p>\n<p>Die traditionelle Reiki-Legende beginnt im 19ten Jahrhundert, mit Dr. Mikao Usui, einem japanischen Gelehrten und Priester, der nach der Heilmethode Jesu forschte. Nach \u00fcber 7 Jahre stie\u00df er in einer in Sanskrit geschrieben Schriftrolle auf die Beschreibung und Symbole einer Methode zur Heilung durch g\u00f6ttliche Lebensenergien, mit der bereits Buddha und Jesus geheilt haben sollen. Um dieses Wissen auch anwenden zu k\u00f6nnen, entschied er sich zu einer 21t\u00e4gigen Fastenmeditation auf einem der heiligen Berge Japans. Am 21. Tag wurde Dr. Usui von einem Lichtstrahl vom Himmel kommend direkt auf seiner Stirn getroffen. Der Lichtstrahl enthielt die Bilder und Symbole, die er zuvor entdeckt hatte und brannten sich fest in ihn ein. Dies war seine g\u00f6ttliche Einweihung und bef\u00e4higte ihn, die Reiki-Kraft weiterzugeben.<\/p>\n<p>[\/et_pb_text][\/et_pb_column][et_pb_column type=&#8220;1_4&#8243; disabled_on=&#8220;on|on|off&#8220; _builder_version=&#8220;4.26.0&#8243; _module_preset=&#8220;default&#8220; global_colors_info=&#8220;{}&#8220;][et_pb_image src=&#8220;https:\/\/smile-relax-heal.com\/wp-content\/uploads\/2024\/03\/Dr-Mikao-Usui.jpeg&#8220; title_text=&#8220;Dr Mikao Usui&#8220; _builder_version=&#8220;4.24.2&#8243; _module_preset=&#8220;default&#8220; width=&#8220;97.6%&#8220; custom_margin=&#8220;0px|||||&#8220; custom_padding=&#8220;|4px||||&#8220; global_colors_info=&#8220;{}&#8220;][\/et_pb_image][\/et_pb_column][\/et_pb_row][et_pb_row _builder_version=&#8220;4.27.4&#8243; _module_preset=&#8220;default&#8220; min_height=&#8220;246px&#8220; custom_margin=&#8220;10px|auto|-2px|auto|false|false&#8220; custom_margin_tablet=&#8220;5px||||false|false&#8220; custom_margin_phone=&#8220;0px||||false|false&#8220; custom_margin_last_edited=&#8220;on|phone&#8220; custom_padding=&#8220;0px||0px||false|false&#8220; hover_enabled=&#8220;0&#8243; global_colors_info=&#8220;{}&#8220; sticky_enabled=&#8220;0&#8243;][et_pb_column type=&#8220;4_4&#8243; _builder_version=&#8220;4.24.2&#8243; _module_preset=&#8220;default&#8220; global_colors_info=&#8220;{}&#8220;][et_pb_text _builder_version=&#8220;4.27.4&#8243; _module_preset=&#8220;786be028-8a97-4ca4-b758-fa0143ced89f&#8220; custom_margin=&#8220;-10px||-12px|0px|false|false&#8220; hover_enabled=&#8220;0&#8243; global_colors_info=&#8220;{}&#8220; sticky_enabled=&#8220;0&#8243;]<\/p>\n<p>Er gr\u00fcndete in Japan eine Reiki-Klinik, wo er viele Menschen behandelte und einweihte.<span class=\"Apple-converted-space\">\u00a0<\/span><\/p>\n<p>Die uns heute bekannte \u00dcberlieferung besagt, dass Dr. Chujiro Hayashi direkt von Dr. Mikao Usui als sein Nachfolger eingeweiht wurde. Dieser weihte Frau Hawayo Takata aus Hawaii ein, die wiederum ihre Nachfolge an Dr. Barbara Ray sowie an ihre Enkelin Phyllis Lei Furumoto weiter gab.<span class=\"Apple-converted-space\">\u00a0<\/span><\/p>\n<p>So verbreitete sich Reiki in den Westen und damit auch viele unterschiedliche Erz\u00e4hlungen der Geschichte und verschiedene Str\u00f6mungen.<\/p>\n<p>[\/et_pb_text][\/et_pb_column][\/et_pb_row][et_pb_row column_structure=&#8220;1_2,1_2&#8243; _builder_version=&#8220;4.27.4&#8243; custom_margin=&#8220;5px|auto||auto|false|false&#8220; custom_margin_tablet=&#8220;0px||||false|false&#8220; custom_margin_phone=&#8220;-60px||||false|false&#8220; custom_margin_last_edited=&#8220;on|phone&#8220; global_colors_info=&#8220;{}&#8220; custom_padding=&#8220;7px|||||&#8220;][et_pb_column type=&#8220;1_2&#8243; _builder_version=&#8220;4.26.0&#8243; background_enable_color=&#8220;off&#8220; background_enable_image=&#8220;off&#8220; custom_padding=&#8220;||||true|false&#8220; custom_padding_tablet=&#8220;&#8220; custom_padding_phone=&#8220;50px|30px|50px||true|false&#8220; custom_padding_last_edited=&#8220;on|tablet&#8220; global_colors_info=&#8220;{}&#8220;][et_pb_text _builder_version=&#8220;4.26.0&#8243; _module_preset=&#8220;786be028-8a97-4ca4-b758-fa0143ced89f&#8220; width=&#8220;90%&#8220; width_tablet=&#8220;97%&#8220; width_phone=&#8220;110%&#8220; max_width_tablet=&#8220;97%&#8220; max_width_phone=&#8220;110%&#8220; custom_margin=&#8220;10px|||0px|false|false&#8220; global_colors_info=&#8220;{}&#8220;]<\/p>\n<p>Was aber allen Str\u00f6mungen gemeinsam ist, ist die Reiki-Kraft selbst, die universale Lebensenergie, die urspr\u00fcngliche Energie, die uns aus einer unersch\u00f6pflichen Quelle zur Verf\u00fcgung steht. Man ist immer mit dem Ursprung verbunden, egal wie und von wem man eingeweiht ist.<\/p>\n<p>&nbsp;<\/p>\n<p>Und das macht Reiki f\u00fcr mich zu einem so genialen \u201eWerkzeug\u201c, denn Reiki ist immer und \u00fcberall da, in uns und um uns herum und wir d\u00fcrfen uns grenzenlos daran bedienen.<\/p>\n<p>[\/et_pb_text][\/et_pb_column][et_pb_column type=&#8220;1_2&#8243; _builder_version=&#8220;4.26.0&#8243; global_colors_info=&#8220;{}&#8220;][et_pb_text _builder_version=&#8220;4.27.4&#8243; _module_preset=&#8220;786be028-8a97-4ca4-b758-fa0143ced89f&#8220; header_3_line_height=&#8220;1.5em&#8220; text_orientation=&#8220;left&#8220; max_width=&#8220;100%&#8220; custom_margin=&#8220;0px|0px||0px|false|false&#8220; custom_padding=&#8220;10px||10px|10px|true|false&#8220; hover_enabled=&#8220;0&#8243; header_5_letter_spacing_tablet=&#8220;&#8220; header_5_letter_spacing_phone=&#8220;1px&#8220; header_5_letter_spacing_last_edited=&#8220;on|desktop&#8220; header_5_line_height_tablet=&#8220;1.2em&#8220; header_5_line_height_phone=&#8220;1.2em&#8220; header_5_line_height_last_edited=&#8220;on|desktop&#8220; box_shadow_style=&#8220;preset6&#8243; box_shadow_color=&#8220;#E4CA90&#8243; global_colors_info=&#8220;{}&#8220; sticky_enabled=&#8220;0&#8243; background_color=&#8220;rgba(21,61,60,0.95)&#8220; box_shadow_spread=&#8220;8px&#8220;]<\/p>\n<h5><\/h5>\n<h5>Reiki&#8230;<\/h5>\n<h5>&#8230; entspannt und bringt innere Ruhe<\/h5>\n<h5>&#8230; baut Stress ab<\/h5>\n<h5>&#8230; st\u00e4rkt die Lebenskraft<\/h5>\n<h5>&#8230; aktiviert die Selbstheilungskr\u00e4fte<\/h5>\n<h5>&#8230; st\u00e4rkt das Immunsystem<\/h5>\n<h5>&#8230; reinigt von Giften<\/h5>\n<h5>&#8230; l\u00f6st Energieblockaden<\/h5>\n<h5>&#8230; f\u00f6rdert die Selbstannahme<\/h5>\n<h5>&#8230; steigert die innere Wahrnehmung<\/h5>\n<h5>&#8230; l\u00f6st alte Verhaltensmuster auf<\/h5>\n<h5>&#8230; erweitert das Bewusstsein<\/h5>\n<h5>&#8230; setzt Kraft und Potenziale frei<\/h5>\n<h5><\/h5>\n<p>[\/et_pb_text][\/et_pb_column][\/et_pb_row][\/et_pb_section][et_pb_section fb_built=&#8220;1&#8243; custom_padding_last_edited=&#8220;on|phone&#8220; _builder_version=&#8220;4.26.0&#8243; _module_preset=&#8220;default&#8220; min_height=&#8220;508.7px&#8220; custom_margin=&#8220;||13px|||&#8220; custom_margin_tablet=&#8220;||0px||false|false&#8220; custom_margin_phone=&#8220;||-20px||false|false&#8220; custom_margin_last_edited=&#8220;on|phone&#8220; custom_padding=&#8220;8px||0px||false|false&#8220; custom_padding_tablet=&#8220;8px||0px||false|false&#8220; custom_padding_phone=&#8220;8px||0px||false|false&#8220; global_colors_info=&#8220;{}&#8220;][et_pb_row column_structure=&#8220;1_3,1_3,1_3&#8243; _builder_version=&#8220;4.25.2&#8243; _module_preset=&#8220;default&#8220; module_alignment=&#8220;center&#8220; custom_margin=&#8220;|23px|16px|108px||&#8220; custom_padding=&#8220;36px|||||&#8220; global_colors_info=&#8220;{}&#8220;][et_pb_column type=&#8220;1_3&#8243; _builder_version=&#8220;4.24.2&#8243; _module_preset=&#8220;default&#8220; global_colors_info=&#8220;{}&#8220;][et_pb_text _builder_version=&#8220;4.26.0&#8243; _module_preset=&#8220;786be028-8a97-4ca4-b758-fa0143ced89f&#8220; custom_margin_tablet=&#8220;-120px||-15px||false|false&#8220; custom_margin_phone=&#8220;-130px||-30px||false|false&#8220; custom_margin_last_edited=&#8220;on|phone&#8220; global_colors_info=&#8220;{}&#8220;]<\/p>\n<p>&nbsp;<\/p>\n<p>&nbsp;<\/p>\n<p>Reiki ersetzt jedoch nicht die Diagnose oder Behandlung durch einen Arzt oder Heilpraktiker &#8211; Bei gesundheitlichen Problemen suche bitte immer als erstes Deinen Arzt oder Heilpraktiker auf!<span class=\"Apple-converted-space\">\u00a0<\/span><\/p>\n<p>&nbsp;<\/p>\n<p>Reiki ist KEIN Heilversprechen!<span class=\"Apple-converted-space\">\u00a0<\/span><\/p>\n<p>[\/et_pb_text][\/et_pb_column][et_pb_column type=&#8220;1_3&#8243; _builder_version=&#8220;4.24.2&#8243; _module_preset=&#8220;default&#8220; global_colors_info=&#8220;{}&#8220;][et_pb_text _builder_version=&#8220;4.24.2&#8243; _module_preset=&#8220;786be028-8a97-4ca4-b758-fa0143ced89f&#8220; global_colors_info=&#8220;{}&#8220;]<\/p>\n<p>&nbsp;<\/p>\n<p>Vielmehr ist Reiki ein Angebot, ein Impuls. Der Empf\u00e4nger entscheidet immer selbst was er annimmt.<\/p>\n<p>&nbsp;<\/p>\n<p>Reiki unterst\u00fctzt medizinische und therapeutische Ma\u00dfnahmen und l\u00e4sst sich mit allen m\u00f6glichen Heilmethode ganz wunderbar kombinieren.<\/p>\n<p>[\/et_pb_text][\/et_pb_column][et_pb_column type=&#8220;1_3&#8243; _builder_version=&#8220;4.24.2&#8243; _module_preset=&#8220;default&#8220; global_colors_info=&#8220;{}&#8220;][et_pb_text _builder_version=&#8220;4.25.0&#8243; _module_preset=&#8220;786be028-8a97-4ca4-b758-fa0143ced89f&#8220; global_colors_info=&#8220;{}&#8220;]<\/p>\n<p>Reiki ist an keinen speziellen Glauben und an keine Religion gebunden.<\/p>\n<p>Jedoch wird sie in fast allen Religionen und Kulturen erw\u00e4hnt, f\u00fcr die Christen ist sie das Licht, f\u00fcr die Hindus ist es Prana, f\u00fcr die Tibeter das Lung, f\u00fcr die \u00c4gypter das Ka und die Chinesen bezeichnen sie als Chi. Aber auch mit modernen Begriffen wie Vitalenergie oder Bioenergie ist das Gleiche gemeint.<\/p>\n<p>[\/et_pb_text][\/et_pb_column][\/et_pb_row][\/et_pb_section][et_pb_section fb_built=&#8220;1&#8243; admin_label=&#8220;Call to Action&#8220; _builder_version=&#8220;4.27.4&#8243; _module_preset=&#8220;default&#8220; background_color=&#8220;RGBA(255,255,255,0)&#8220; background_image=&#8220;https:\/\/smile-relax-heal.com\/wp-content\/uploads\/2024\/03\/Sonne-1.jpg&#8220; background_blend=&#8220;overlay&#8220; min_height=&#8220;528px&#8220; min_height_tablet=&#8220;300px&#8220; min_height_phone=&#8220;200px&#8220; min_height_last_edited=&#8220;on|phone&#8220; height=&#8220;300px&#8220; height_tablet=&#8220;300px&#8220; height_phone=&#8220;200px&#8220; height_last_edited=&#8220;on|tablet&#8220; max_height=&#8220;400px&#8220; max_height_tablet=&#8220;400px&#8220; max_height_phone=&#8220;200px&#8220; max_height_last_edited=&#8220;on|tablet&#8220; custom_margin=&#8220;||75px||false|false&#8220; custom_padding=&#8220;1vw||1vw||true|false&#8220; saved_tabs=&#8220;all&#8220; collapsed=&#8220;on&#8220; global_colors_info=&#8220;{}&#8220;][et_pb_row column_structure=&#8220;1_2,1_2&#8243; disabled_on=&#8220;on|off|off&#8220; _builder_version=&#8220;4.26.1&#8243; _module_preset=&#8220;default&#8220; width=&#8220;100%&#8220; min_height=&#8220;233.3px&#8220; min_height_tablet=&#8220;233.3px&#8220; min_height_phone=&#8220;233.3px&#8220; min_height_last_edited=&#8220;on|phone&#8220; height_tablet=&#8220;&#8220; height_phone=&#8220;&#8220; height_last_edited=&#8220;on|phone&#8220; max_height_tablet=&#8220;&#8220; max_height_phone=&#8220;&#8220; max_height_last_edited=&#8220;on|phone&#8220; custom_margin=&#8220;177px|auto||auto|false|false&#8220; custom_margin_tablet=&#8220;150px||||false|false&#8220; custom_margin_phone=&#8220;0px|||1px|false|false&#8220; custom_margin_last_edited=&#8220;on|phone&#8220; custom_padding=&#8220;||||false|false&#8220; global_colors_info=&#8220;{}&#8220;][et_pb_column type=&#8220;1_2&#8243; _builder_version=&#8220;4.26.0&#8243; _module_preset=&#8220;default&#8220; custom_padding_tablet=&#8220;&#8220; custom_padding_phone=&#8220;0px||||false|false&#8220; custom_padding_last_edited=&#8220;on|phone&#8220; global_colors_info=&#8220;{}&#8220;][et_pb_button button_url=&#8220;@ET-DC@eyJkeW5hbWljIjp0cnVlLCJjb250ZW50IjoicG9zdF9saW5rX3VybF9wYWdlIiwic2V0dGluZ3MiOnsicG9zdF9pZCI6IjI2MyJ9fQ==@&#8220; button_text=&#8220;Reiki Anwendung&#8220; button_alignment=&#8220;left&#8220; button_alignment_tablet=&#8220;left&#8220; button_alignment_phone=&#8220;left&#8220; button_alignment_last_edited=&#8220;on|desktop&#8220; _builder_version=&#8220;4.27.4&#8243; _dynamic_attributes=&#8220;button_url&#8220; _module_preset=&#8220;0b9ab4ac-0f92-434d-a3e3-25678d735a14&#8243; custom_margin_tablet=&#8220;&#8220; custom_margin_phone=&#8220;&#8220; custom_margin_last_edited=&#8220;on|phone&#8220; custom_padding_tablet=&#8220;&#8220; custom_padding_phone=&#8220;&#8220; custom_padding_last_edited=&#8220;on|desktop&#8220; global_colors_info=&#8220;{}&#8220;][\/et_pb_button][\/et_pb_column][et_pb_column type=&#8220;1_2&#8243; _builder_version=&#8220;4.19.5&#8243; _module_preset=&#8220;default&#8220; global_colors_info=&#8220;{}&#8220;][et_pb_button button_url=&#8220;@ET-DC@eyJkeW5hbWljIjp0cnVlLCJjb250ZW50IjoicG9zdF9saW5rX3VybF9wYWdlIiwic2V0dGluZ3MiOnsicG9zdF9pZCI6IjMyMCJ9fQ==@&#8220; button_text=&#8220;Reiki Seminare&#8220; button_alignment=&#8220;right&#8220; _builder_version=&#8220;4.27.4&#8243; _dynamic_attributes=&#8220;button_url&#8220; _module_preset=&#8220;0b9ab4ac-0f92-434d-a3e3-25678d735a14&#8243; custom_margin=&#8220;0px|40px|||false|false&#8220; custom_margin_tablet=&#8220;-100px|43px|||false|false&#8220; custom_margin_phone=&#8220;-62px|14px|||false|false&#8220; custom_margin_last_edited=&#8220;on|phone&#8220; custom_padding=&#8220;10px|30px|10px|30px|true|true&#8220; custom_padding_tablet=&#8220;10px|31px|10px|31px|true|true&#8220; custom_padding_phone=&#8220;5px|18px|5px|18px|true|true&#8220; global_colors_info=&#8220;{}&#8220;][\/et_pb_button][\/et_pb_column][\/et_pb_row][et_pb_row disabled_on=&#8220;off|on|on&#8220; _builder_version=&#8220;4.27.4&#8243; _module_preset=&#8220;default&#8220; module_alignment=&#8220;left&#8220; min_height_tablet=&#8220;&#8220; min_height_phone=&#8220;&#8220; min_height_last_edited=&#8220;on|phone&#8220; custom_margin=&#8220;0px||||false|false&#8220; custom_margin_tablet=&#8220;0px||||false|false&#8220; custom_margin_phone=&#8220;-500px||||false|false&#8220; custom_margin_last_edited=&#8220;on|phone&#8220; custom_padding=&#8220;|10px|||false|false&#8220; hover_enabled=&#8220;0&#8243; module_alignment_tablet=&#8220;left&#8220; module_alignment_phone=&#8220;center&#8220; module_alignment_last_edited=&#8220;on|phone&#8220; global_colors_info=&#8220;{}&#8220; sticky_enabled=&#8220;0&#8243;][et_pb_column type=&#8220;4_4&#8243; _builder_version=&#8220;4.26.1&#8243; _module_preset=&#8220;default&#8220; global_colors_info=&#8220;{}&#8220;][et_pb_button button_url=&#8220;@ET-DC@eyJkeW5hbWljIjp0cnVlLCJjb250ZW50IjoicG9zdF9saW5rX3VybF9wYWdlIiwic2V0dGluZ3MiOnsicG9zdF9pZCI6IjI2MyJ9fQ==@&#8220; button_text=&#8220;Reiki Anwendung&#8220; _builder_version=&#8220;4.27.4&#8243; _module_preset=&#8220;0b9ab4ac-0f92-434d-a3e3-25678d735a14&#8243; custom_margin=&#8220;46px||100px||false|false&#8220; custom_padding_phone=&#8220;2px|7px|2px|7px|true|true&#8220; hover_enabled=&#8220;0&#8243; global_colors_info=&#8220;{}&#8220; _dynamic_attributes=&#8220;button_url&#8220; sticky_enabled=&#8220;0&#8243;][\/et_pb_button][et_pb_button button_url=&#8220;https:\/\/smile-relax-heal.com\/?page_id=320&#8243; button_text=&#8220;Reiki Seminar&#8220; _builder_version=&#8220;4.26.1&#8243; _module_preset=&#8220;0b9ab4ac-0f92-434d-a3e3-25678d735a14&#8243; custom_padding_phone=&#8220;3px|21px|3px|21px|true|true&#8220; global_colors_info=&#8220;{}&#8220;][\/et_pb_button][\/et_pb_column][\/et_pb_row][\/et_pb_section]<\/p>\n","protected":false},"excerpt":{"rendered":"<p>REIKI&nbsp; Reiki ist die allumfassende Energie, die \u00fcberall, in allem und immer vorhanden ist. Sie ist die Grundlage, die Essenz, der Ursprung allen Lebens, die Ur-Energie oder auch \u201cg\u00f6ttliche Urkraft\u201d. Reiki durchdringt alle Ebenen und bringt diese ins Gleichgewicht. Reiki ist eine sehr alte Heilmethode, die bereits vor \u00fcber 2500 Jahren in Sanskrit-Sutras erw\u00e4hnt wurde. [&hellip;]<\/p>\n","protected":false},"author":1,"featured_media":0,"parent":0,"menu_order":0,"comment_status":"closed","ping_status":"closed","template":"","meta":{"_et_pb_use_builder":"on","_et_pb_old_content":"","_et_gb_content_width":"","footnotes":""},"class_list":["post-77","page","type-page","status-publish","hentry"],"_links":{"self":[{"href":"https:\/\/smile-relax-heal.com\/index.php?rest_route=\/wp\/v2\/pages\/77","targetHints":{"allow":["GET"]}}],"collection":[{"href":"https:\/\/smile-relax-heal.com\/index.php?rest_route=\/wp\/v2\/pages"}],"about":[{"href":"https:\/\/smile-relax-heal.com\/index.php?rest_route=\/wp\/v2\/types\/page"}],"author":[{"embeddable":true,"href":"https:\/\/smile-relax-heal.com\/index.php?rest_route=\/wp\/v2\/users\/1"}],"replies":[{"embeddable":true,"href":"https:\/\/smile-relax-heal.com\/index.php?rest_route=%2Fwp%2Fv2%2Fcomments&post=77"}],"version-history":[{"count":7,"href":"https:\/\/smile-relax-heal.com\/index.php?rest_route=\/wp\/v2\/pages\/77\/revisions"}],"predecessor-version":[{"id":2099,"href":"https:\/\/smile-relax-heal.com\/index.php?rest_route=\/wp\/v2\/pages\/77\/revisions\/2099"}],"wp:attachment":[{"href":"https:\/\/smile-relax-heal.com\/index.php?rest_route=%2Fwp%2Fv2%2Fmedia&parent=77"}],"curies":[{"name":"wp","href":"https:\/\/api.w.org\/{rel}","templated":true}]}}